{"id":1510,"date":"2017-04-07T16:25:10","date_gmt":"2017-04-07T16:25:10","guid":{"rendered":"https:\/\/visitkanfanar.hr\/klettern\/"},"modified":"2019-01-21T08:06:02","modified_gmt":"2019-01-21T08:06:02","slug":"klettern","status":"publish","type":"page","link":"https:\/\/visitkanfanar.hr\/de\/aktivitaeten\/klettern\/","title":{"rendered":"Klettern"},"content":{"rendered":"<p>[vc_row][vc_column][vc_single_image image=&#8220;4920&#8243; img_size=&#8220;full&#8220; alignment=&#8220;center&#8220;][vc_column_text]<a href=\"http:\/\/www.istria-climbing.com\/de\/climbing\/04-dvigrad\">KLETTERGEBIET DVIGRAD<\/a><\/p>\n<p>Seit der bekannte italienische Kletterer Maurizio \u201eManolo\u201c Zanolla die Kletterroute \u201eMalvasia\u201c am Felsen Ladi\u0107evi krugi markierte, die nach ihm nur noch einer Person gelang zu bew\u00e4ltigen, ist das Klettergebiet Dvigrad in die Karte der Klettergebiete eingetragen worden, die man aufsuchen sollte. Die imposanten Felsen, an deren Fu\u00dfe sich interessante halbe H\u00f6hlen befinden, \u00fcber die man sich interessante Geschichten und Legenden erz\u00e4hlt, bieten ohne Zweifel eine attraktive Panoramaussicht; ganz oben von der Spitze erschlie\u00dft sich die sch\u00f6nste Aussicht auf die mittelalterliche Stadt Dvigrad und das Lim-Tal, die sich hier in ihrer ganzen Sch\u00f6nheit pr\u00e4sentieren. Dutzende interessante Kletterrouten warten auf die Mutigsten. Geh\u00f6ren Sie vielleicht auch dazu?[\/vc_column_text][\/vc_column][\/vc_row][vc_row][vc_column][vc_column_text]<a href=\"http:\/\/www.istria-climbing.com\/de\/climbing\/05-limski-kanal\">KLETTERGEBIET LIM-KANAL<\/a><\/p>\n<p>Das Klettergebiet Lim-kanal hat eine \u00e4u\u00dferst attraktive Lage oberhalb der Lim-Bucht, einer der gr\u00f6\u00dften Naturperlen Istriens. Mit seinen 5 Sektoren bietet dieses Klettergebiet \u00fcber 100 herausfordernde Kletterrichtungen der Schwierigkeitsgrade von 4c bis 8c. Nachdem Sie Ihre Kondition getestet haben, relaxen Sie bei den besten Miesmuscheln und Austern im gr\u00fcn-blauen Ambiente von Lim.[\/vc_column_text][\/vc_column][\/vc_row][vc_row][vc_column][vc_gallery type=&#8220;image_grid&#8220; images=&#8220;4944,4940,4936,4932,4928,4924,4916&#8243;][\/vc_column][\/vc_row]<\/p>\n","protected":false},"excerpt":{"rendered":"<p>[vc_row][vc_column][vc_single_image image=&#8220;4920&#8243; img_size=&#8220;full&#8220; alignment=&#8220;center&#8220;][vc_column_text]KLETTERGEBIET DVIGRAD Seit der bekannte italienische Kletterer Maurizio \u201eManolo\u201c Zanolla die Kletterroute \u201eMalvasia\u201c am Felsen Ladi\u0107evi krugi &#8230;<\/p>\n","protected":false},"author":1,"featured_media":0,"parent":1523,"menu_order":0,"comment_status":"closed","ping_status":"closed","template":"","meta":[],"_links":{"self":[{"href":"https:\/\/visitkanfanar.hr\/de\/wp-json\/wp\/v2\/pages\/1510"}],"collection":[{"href":"https:\/\/visitkanfanar.hr\/de\/wp-json\/wp\/v2\/pages"}],"about":[{"href":"https:\/\/visitkanfanar.hr\/de\/wp-json\/wp\/v2\/types\/page"}],"author":[{"embeddable":true,"href":"https:\/\/visitkanfanar.hr\/de\/wp-json\/wp\/v2\/users\/1"}],"replies":[{"embeddable":true,"href":"https:\/\/visitkanfanar.hr\/de\/wp-json\/wp\/v2\/comments?post=1510"}],"version-history":[{"count":5,"href":"https:\/\/visitkanfanar.hr\/de\/wp-json\/wp\/v2\/pages\/1510\/revisions"}],"predecessor-version":[{"id":6090,"href":"https:\/\/visitkanfanar.hr\/de\/wp-json\/wp\/v2\/pages\/1510\/revisions\/6090"}],"up":[{"embeddable":true,"href":"https:\/\/visitkanfanar.hr\/de\/wp-json\/wp\/v2\/pages\/1523"}],"wp:attachment":[{"href":"https:\/\/visitkanfanar.hr\/de\/wp-json\/wp\/v2\/media?parent=1510"}],"curies":[{"name":"wp","href":"https:\/\/api.w.org\/{rel}","templated":true}]}}