{"id":1573,"date":"2017-04-07T09:30:53","date_gmt":"2017-04-07T09:30:53","guid":{"rendered":"https:\/\/visitkanfanar.hr\/lim-kanal\/"},"modified":"2018-06-11T12:36:44","modified_gmt":"2018-06-11T12:36:44","slug":"lim-kanal","status":"publish","type":"page","link":"https:\/\/visitkanfanar.hr\/de\/attraktionen\/lim-kanal\/","title":{"rendered":"Lim-Kanal"},"content":{"rendered":"<p><a href=\"https:\/\/visitkanfanar.hr\/wp-content\/uploads\/2017\/04\/DJI_0132.jpg\"><img loading=\"lazy\" src=\"https:\/\/visitkanfanar.hr\/wp-content\/uploads\/2017\/04\/DJI_0132.jpg\" alt=\"\" width=\"1200\" height=\"668\" class=\"aligncenter size-full wp-image-4272\" srcset=\"https:\/\/visitkanfanar.hr\/wp-content\/uploads\/2017\/04\/DJI_0132.jpg 1200w, https:\/\/visitkanfanar.hr\/wp-content\/uploads\/2017\/04\/DJI_0132-300x167.jpg 300w, https:\/\/visitkanfanar.hr\/wp-content\/uploads\/2017\/04\/DJI_0132-768x428.jpg 768w, https:\/\/visitkanfanar.hr\/wp-content\/uploads\/2017\/04\/DJI_0132-1024x570.jpg 1024w\" sizes=\"(max-width: 1200px) 100vw, 1200px\" \/><\/a>Der Lim-Kanal ist einer der sch\u00f6nsten Orte in Istrien und eine gesetzlich gesch\u00fctzte Landschaft mit spezifischen Merkmalen der Vegetation und des Meeres. Er entstand aus Jura-Kalkstein und erstreckt sich auf ca.10 km mit einer Durchschnittsbreite von 600 m und einer H\u00f6he der Steilh\u00e4nge von 150 m. Die Seiten der Bucht sind mit Buschwald bewachsen:  Steineiche (Quercus ilex L. \u2013), Steinlinde (Phillyrea latifolia L.), Westlicher Erdbeerbaum (Arbutus unedo L.), Lorbeerschneeball \u2013 Mittelmeerschneeball (Viburnum tinus L.), Stechwinde (Smilax aspera L.), Mastixstrauch (Pistacia lentiscus L.), Orientalische Hainbuche (Carpinus orientalis L.), Manna-Esche (Faxinus ornus L.) und die Mikroklimaverh\u00e4ltnisse bewirkten das Erscheinen der submediterranen Gemeinschaft von Flaumeichen (Quercus pubescens Willd.) und Zerreichen (Quercus cerris L.). Eine derartige Mannigfaltigkeit der Vegetation auf engem Raum stellt eine einmalige \u00f6kologische Seltenheit dar.<\/p>\n<p>Spezifisch sind auch die Eigenschaften des Meeres, die einen Reichtum an Flora und Fauna bergen mit spezifischen Gemeinschaften am Meeresboden. Das Meer ist nicht so durchsichtig wie auf offener See, was auf den Planktonreichtum schlie\u00dfen l\u00e4sst. Ausgepr\u00e4gt sind Temperaturschwankungen und ein hoher Sauerstoffgehalt. Diese spezifischen Eigenschaften bewirken den Reichtum der Meeresfauna und \u2013flora mit spezifischen Gemeinschaften am Meeresboden. Das Gebiet ist nat\u00fcrlicher Laichplatz f\u00fcr einige Fischarten.<\/p>\n<p>Die Region ist sehr bekannt f\u00fcr die Miesmuschel- und Austernzucht, die in den nahegelegenen Restaurants gekostet werden k\u00f6nnen.<\/p>\n<p><em><br \/>\nLim-Bucht als Filmset<\/em><\/p>\n<p>Die Lim-Bucht war Mitte des 20. Jh. Drehort f\u00fcr Filmaufnahmen zum Thema Wikinger. 1958 wurde hier der Film \u201eWikinger\u201c mit Kirk Douglas und Tony Curtis in den Hauptrollen gedreht und die Lim-Bucht wurde als Fjord dargestellt, weshalb sie auch heute noch viele Lim-Fjord nennen. F\u00fcr die Dreharbeiten wurde ein richtiges kleines Wikinger-Dorf aufgebaut, das auch 1968 f\u00fcr die Aufnahmen des Films \u201eLange Schiffe\u201c verwendet wurde.<\/p>\n\n\t\t<style type=\"text\/css\">\n\t\t\t#gallery-1 {\n\t\t\t\tmargin: auto;\n\t\t\t}\n\t\t\t#gallery-1 .gallery-item {\n\t\t\t\tfloat: left;\n\t\t\t\tmargin-top: 10px;\n\t\t\t\ttext-align: center;\n\t\t\t\twidth: 33%;\n\t\t\t}\n\t\t\t#gallery-1 img {\n\t\t\t\tborder: 2px solid #cfcfcf;\n\t\t\t}\n\t\t\t#gallery-1 .gallery-caption {\n\t\t\t\tmargin-left: 0;\n\t\t\t}\n\t\t\t\/* see gallery_shortcode() in wp-includes\/media.php *\/\n\t\t<\/style>\n\t\t<div id='gallery-1' class='gallery galleryid-1573 gallery-columns-3 gallery-size-large'><dl class='gallery-item'>\n\t\t\t<dt class='gallery-icon landscape'>\n\t\t\t\t<a href='https:\/\/visitkanfanar.hr\/de\/attraktionen\/lim-kanal\/20160711_183826_richtonehdr-2\/'><img width=\"1024\" height=\"576\" src=\"https:\/\/visitkanfanar.hr\/wp-content\/uploads\/2017\/04\/20160711_183826_RichtoneHDR-1024x576.jpg\" class=\"attachment-large size-large\" alt=\"\" loading=\"lazy\" srcset=\"https:\/\/visitkanfanar.hr\/wp-content\/uploads\/2017\/04\/20160711_183826_RichtoneHDR-1024x576.jpg 1024w, https:\/\/visitkanfanar.hr\/wp-content\/uploads\/2017\/04\/20160711_183826_RichtoneHDR-300x169.jpg 300w, https:\/\/visitkanfanar.hr\/wp-content\/uploads\/2017\/04\/20160711_183826_RichtoneHDR-768x432.jpg 768w, https:\/\/visitkanfanar.hr\/wp-content\/uploads\/2017\/04\/20160711_183826_RichtoneHDR-805x453.jpg 805w, https:\/\/visitkanfanar.hr\/wp-content\/uploads\/2017\/04\/20160711_183826_RichtoneHDR.jpg 1200w\" sizes=\"(max-width: 1024px) 100vw, 1024px\" \/><\/a>\n\t\t\t<\/dt><\/dl><dl class='gallery-item'>\n\t\t\t<dt class='gallery-icon landscape'>\n\t\t\t\t<a href='https:\/\/visitkanfanar.hr\/de\/attraktionen\/lim-kanal\/dcim103mediadji_0080-jpg-2\/'><img width=\"1024\" height=\"576\" src=\"https:\/\/visitkanfanar.hr\/wp-content\/uploads\/2017\/04\/DJI_0080-1024x576.jpg\" class=\"attachment-large size-large\" alt=\"\" loading=\"lazy\" srcset=\"https:\/\/visitkanfanar.hr\/wp-content\/uploads\/2017\/04\/DJI_0080-1024x576.jpg 1024w, https:\/\/visitkanfanar.hr\/wp-content\/uploads\/2017\/04\/DJI_0080-300x169.jpg 300w, https:\/\/visitkanfanar.hr\/wp-content\/uploads\/2017\/04\/DJI_0080-768x432.jpg 768w, https:\/\/visitkanfanar.hr\/wp-content\/uploads\/2017\/04\/DJI_0080-805x453.jpg 805w, https:\/\/visitkanfanar.hr\/wp-content\/uploads\/2017\/04\/DJI_0080.jpg 1200w\" sizes=\"(max-width: 1024px) 100vw, 1024px\" \/><\/a>\n\t\t\t<\/dt><\/dl><dl class='gallery-item'>\n\t\t\t<dt class='gallery-icon landscape'>\n\t\t\t\t<a href='https:\/\/visitkanfanar.hr\/de\/attraktionen\/lim-kanal\/lim-2-2\/'><img width=\"1024\" height=\"683\" src=\"https:\/\/visitkanfanar.hr\/wp-content\/uploads\/2017\/04\/Lim-1-1024x683.jpg\" class=\"attachment-large size-large\" alt=\"\" loading=\"lazy\" srcset=\"https:\/\/visitkanfanar.hr\/wp-content\/uploads\/2017\/04\/Lim-1-1024x683.jpg 1024w, https:\/\/visitkanfanar.hr\/wp-content\/uploads\/2017\/04\/Lim-1-300x200.jpg 300w, https:\/\/visitkanfanar.hr\/wp-content\/uploads\/2017\/04\/Lim-1-768x512.jpg 768w, https:\/\/visitkanfanar.hr\/wp-content\/uploads\/2017\/04\/Lim-1-240x160.jpg 240w, https:\/\/visitkanfanar.hr\/wp-content\/uploads\/2017\/04\/Lim-1.jpg 1200w\" sizes=\"(max-width: 1024px) 100vw, 1024px\" \/><\/a>\n\t\t\t<\/dt><\/dl><br style=\"clear: both\" \/>\n\t\t<\/div>\n\n","protected":false},"excerpt":{"rendered":"<p>Der Lim-Kanal ist einer der sch\u00f6nsten Orte in Istrien und eine gesetzlich gesch\u00fctzte Landschaft mit spezifischen Merkmalen der Vegetation und &#8230;<\/p>\n","protected":false},"author":1,"featured_media":0,"parent":1707,"menu_order":0,"comment_status":"closed","ping_status":"closed","template":"","meta":[],"_links":{"self":[{"href":"https:\/\/visitkanfanar.hr\/de\/wp-json\/wp\/v2\/pages\/1573"}],"collection":[{"href":"https:\/\/visitkanfanar.hr\/de\/wp-json\/wp\/v2\/pages"}],"about":[{"href":"https:\/\/visitkanfanar.hr\/de\/wp-json\/wp\/v2\/types\/page"}],"author":[{"embeddable":true,"href":"https:\/\/visitkanfanar.hr\/de\/wp-json\/wp\/v2\/users\/1"}],"replies":[{"embeddable":true,"href":"https:\/\/visitkanfanar.hr\/de\/wp-json\/wp\/v2\/comments?post=1573"}],"version-history":[{"count":5,"href":"https:\/\/visitkanfanar.hr\/de\/wp-json\/wp\/v2\/pages\/1573\/revisions"}],"predecessor-version":[{"id":4967,"href":"https:\/\/visitkanfanar.hr\/de\/wp-json\/wp\/v2\/pages\/1573\/revisions\/4967"}],"up":[{"embeddable":true,"href":"https:\/\/visitkanfanar.hr\/de\/wp-json\/wp\/v2\/pages\/1707"}],"wp:attachment":[{"href":"https:\/\/visitkanfanar.hr\/de\/wp-json\/wp\/v2\/media?parent=1573"}],"curies":[{"name":"wp","href":"https:\/\/api.w.org\/{rel}","templated":true}]}}