{"id":1579,"date":"2017-04-07T16:23:00","date_gmt":"2017-04-07T16:23:00","guid":{"rendered":"https:\/\/visitkanfanar.hr\/die-romuald-hohle\/"},"modified":"2021-07-17T09:53:59","modified_gmt":"2021-07-17T09:53:59","slug":"die-romuald-hohle","status":"publish","type":"page","link":"https:\/\/visitkanfanar.hr\/de\/attraktionen\/die-romuald-hohle\/","title":{"rendered":"Die Romuald-H\u00f6hle"},"content":{"rendered":"<p>[vc_row][vc_column width=&#8220;1\/2&#8243;][vc_single_image image=&#8220;1229&#8243; img_size=&#8220;large&#8220;][\/vc_column][vc_column width=&#8220;1\/2&#8243;][vc_column_text]Die H\u00f6hle des hl. Romuald befindet sich in der N\u00e4he der Lim-Bucht und ist von au\u00dferordentlicher kulturgeschichtlicher Bedeutung. Man glaubt, dass hier der hl. Romuald eine Zeitlang gelebt hat, dem die H\u00f6hle als Zuhause diente, als er beschlossen hatte, sich dem Einsiedlerleben zu widmen, nachdem er das Kloster des Kamaldulenserordens in Klo\u0161tar oberhalb der Lim-Bucht bauen lie\u00df. 1002 entdeckte er diese H\u00f6hle, in der er sich niederlie\u00df, obwohl die lokale Bev\u00f6lkerung glaubte, dort herrschten D\u00e4mone und dunkle M\u00e4chte, sodass sich niemand diesem Gebiet n\u00e4herte. Doch der hl. Romuald betrat die H\u00f6hle, in der er die n\u00e4chsten zweieinhalb Jahre verbrachte. Den Kontakt mit der Au\u00dfenwelt hielt er \u00fcber einen Hirten aus dem Dorf Jural aufrecht. Nachdem Romuald die H\u00f6hle verlie\u00df, begannen sie auch andere aufzusuchen, und ab 1028 auch die Geistlichen des nahegelegenen Dvigrad, die am 19. Juni in Prozessionen den Todestag des Heiligen Romuald begehen.[\/vc_column_text][\/vc_column][\/vc_row][vc_row][vc_column][vc_column_text]Die H\u00f6hle ist 105 Meter lang und befindet sich auf 97 Meter Seeh\u00f6he. Sie birgt in ihrem Innern einige beeindruckende S\u00e4le, die Beweise \u00fcber das fortw\u00e4hrende Leben noch seit der Urgeschichte liefern; in ihr fand man eine Vielzahl an Knochen von \u00fcber 40 Tierarten (Grottenb\u00e4r, Grottenl\u00f6we, Grottenleopard, Grottenhy\u00e4ne, Wildpferd, Gro\u00dfhirsch, Schneehase usw.) sowie Werkzeug, das bezeugt, dass sich in der H\u00f6hle Menschen aus der Altsteinzeit aufhielten. Noch eine interessante Einzelheit der H\u00f6hle sei zu erw\u00e4hnen, n\u00e4mlich sie ist der Lebensraum f\u00fcr eine Kolonie gro\u00dfer Mausohrflederm\u00e4use (Myotis myotis), der heutzutage kleinsten und meistgef\u00e4hrdeten europ\u00e4ischen Fledermausgattung.[\/vc_column_text][\/vc_column][\/vc_row]<\/p>\n<p>&nbsp;<\/p>\n<p><strong>Vor\u00fcbergehend geschlossen.<\/strong><\/p>\n","protected":false},"excerpt":{"rendered":"<p>[vc_row][vc_column width=&#8220;1\/2&#8243;][vc_single_image image=&#8220;1229&#8243; img_size=&#8220;large&#8220;][\/vc_column][vc_column width=&#8220;1\/2&#8243;][vc_column_text]Die H\u00f6hle des hl. Romuald befindet sich in der N\u00e4he der Lim-Bucht und ist von au\u00dferordentlicher &#8230;<\/p>\n","protected":false},"author":1,"featured_media":0,"parent":1707,"menu_order":0,"comment_status":"closed","ping_status":"closed","template":"","meta":[],"_links":{"self":[{"href":"https:\/\/visitkanfanar.hr\/de\/wp-json\/wp\/v2\/pages\/1579"}],"collection":[{"href":"https:\/\/visitkanfanar.hr\/de\/wp-json\/wp\/v2\/pages"}],"about":[{"href":"https:\/\/visitkanfanar.hr\/de\/wp-json\/wp\/v2\/types\/page"}],"author":[{"embeddable":true,"href":"https:\/\/visitkanfanar.hr\/de\/wp-json\/wp\/v2\/users\/1"}],"replies":[{"embeddable":true,"href":"https:\/\/visitkanfanar.hr\/de\/wp-json\/wp\/v2\/comments?post=1579"}],"version-history":[{"count":3,"href":"https:\/\/visitkanfanar.hr\/de\/wp-json\/wp\/v2\/pages\/1579\/revisions"}],"predecessor-version":[{"id":8993,"href":"https:\/\/visitkanfanar.hr\/de\/wp-json\/wp\/v2\/pages\/1579\/revisions\/8993"}],"up":[{"embeddable":true,"href":"https:\/\/visitkanfanar.hr\/de\/wp-json\/wp\/v2\/pages\/1707"}],"wp:attachment":[{"href":"https:\/\/visitkanfanar.hr\/de\/wp-json\/wp\/v2\/media?parent=1579"}],"curies":[{"name":"wp","href":"https:\/\/api.w.org\/{rel}","templated":true}]}}