{"id":1801,"date":"2017-04-07T09:23:04","date_gmt":"2017-04-07T09:23:04","guid":{"rendered":"https:\/\/visitkanfanar.hr\/ereignisse\/olivenvolksfest\/"},"modified":"2017-05-08T10:34:41","modified_gmt":"2017-05-08T10:34:41","slug":"olivenvolksfest","status":"publish","type":"page","link":"https:\/\/visitkanfanar.hr\/de\/ereignisse\/olivenvolksfest\/","title":{"rendered":"Olivenvolksfest"},"content":{"rendered":"<p>[vc_row][vc_column width=&#8220;1\/2&#8243;][vc_single_image image=&#8220;897&#8243; img_size=&#8220;large&#8220;][\/vc_column][vc_column width=&#8220;1\/2&#8243;][vc_column_text]Das Gebiet von Kanfanar eignet sich ausgezeichnet f\u00fcr die Olivenzucht und die Herstellung von hochwertigem Oliven\u00f6l. Der Olivenanbau, der hier seit jeher betrieben wurde, ist sowohl in Istrien als auch in Kanfanar immer mehr verbreitet. Um die Oliven\u00f6le von Kanfanar zu pr\u00e4sentieren und zu bewerten, wird am Ende des Jahres das Volksfest des jungen Oliven\u00f6ls aus der Region Kanfanar abgehalten, auf dem die Besucher die D\u00fcfte und Geschmacksrichtungen dieses fl\u00fcssigen gr\u00fcnen Goldes genie\u00dfen k\u00f6nnen.[\/vc_column_text][\/vc_column][\/vc_row]<\/p>\n","protected":false},"excerpt":{"rendered":"<p>[vc_row][vc_column width=&#8220;1\/2&#8243;][vc_single_image image=&#8220;897&#8243; img_size=&#8220;large&#8220;][\/vc_column][vc_column width=&#8220;1\/2&#8243;][vc_column_text]Das Gebiet von Kanfanar eignet sich ausgezeichnet f\u00fcr die Olivenzucht und die Herstellung von hochwertigem Oliven\u00f6l. &#8230;<\/p>\n","protected":false},"author":1,"featured_media":0,"parent":1711,"menu_order":0,"comment_status":"closed","ping_status":"closed","template":"","meta":[],"_links":{"self":[{"href":"https:\/\/visitkanfanar.hr\/de\/wp-json\/wp\/v2\/pages\/1801"}],"collection":[{"href":"https:\/\/visitkanfanar.hr\/de\/wp-json\/wp\/v2\/pages"}],"about":[{"href":"https:\/\/visitkanfanar.hr\/de\/wp-json\/wp\/v2\/types\/page"}],"author":[{"embeddable":true,"href":"https:\/\/visitkanfanar.hr\/de\/wp-json\/wp\/v2\/users\/1"}],"replies":[{"embeddable":true,"href":"https:\/\/visitkanfanar.hr\/de\/wp-json\/wp\/v2\/comments?post=1801"}],"version-history":[{"count":1,"href":"https:\/\/visitkanfanar.hr\/de\/wp-json\/wp\/v2\/pages\/1801\/revisions"}],"predecessor-version":[{"id":1802,"href":"https:\/\/visitkanfanar.hr\/de\/wp-json\/wp\/v2\/pages\/1801\/revisions\/1802"}],"up":[{"embeddable":true,"href":"https:\/\/visitkanfanar.hr\/de\/wp-json\/wp\/v2\/pages\/1711"}],"wp:attachment":[{"href":"https:\/\/visitkanfanar.hr\/de\/wp-json\/wp\/v2\/media?parent=1801"}],"curies":[{"name":"wp","href":"https:\/\/api.w.org\/{rel}","templated":true}]}}