{"id":8793,"date":"2021-07-13T19:53:12","date_gmt":"2021-07-13T19:53:12","guid":{"rendered":"https:\/\/visitkanfanar.hr\/?page_id=8793\/"},"modified":"2021-07-13T22:07:22","modified_gmt":"2021-07-13T22:07:22","slug":"privat-datenschutz","status":"publish","type":"page","link":"https:\/\/visitkanfanar.hr\/de\/privat-datenschutz\/","title":{"rendered":"Privat- und Datenschutz"},"content":{"rendered":"<p><strong>DATENSCHUTZERKL\u00c4RUNG<\/strong><\/p>\n<p>Gem\u00e4\u00df der Verordnung (EU) 2016\/679 des Europ\u00e4ischen Parlaments und des Rates vom 27. April 2016 zum Schutz nat\u00fcrlicher Personen bei der Verarbeitung personenbezogener Daten, zum freien Datenverkehr und zur Aufhebung der Richtlinie 95\/46\/EG (nachfolgend \u201eDatenschutz-Grundverordnung\u201c genannt) verpflichtet sich die Touristische Gemeinschaft der Gemeinde Kanfanar (nachfolgend: TGGK genannt) in ihrem Gesch\u00e4ftsbetrieb solcherma\u00dfen vorzugehen, dass die personenbezogenen Daten und die Privatsph\u00e4re der Nutzer dieser Webseite gewahrt bleiben, solange die Webseite im Rahmen der zugelassenen Nutzungsbedingungen genutzt wird.<\/p>\n<p>&nbsp;<\/p>\n<p><strong>Erfassung von Daten<\/strong><\/p>\n<p>Als personenbezogene Daten gelten alle Informationen, durch die eine Person identifizierbar ist und die zur Kommunikation erforderlich sind (z.B. Vor- und Nachname, Wohnanschrift, E-Mail Adresse, Kontakttelefonnummern, Nummern mobiler und Fax Ger\u00e4te u.\u00c4.).<\/p>\n<p>Unsere Webseite k\u00f6nnen Sie besuchen, ohne Angaben zu Ihrer Person zu machen. Sie sind nicht verpflichtet, uns Ihre personenbezogenen Daten mitzuteilen, um die Webseite nutzen zu k\u00f6nnen, es sei denn, dies ist erforderlich, damit wir Ihnen eine Leistung erbringen oder eine Nutzung unseres Produkts im Rahmen Ihres Auftrags erm\u00f6glichen k\u00f6nnen. Wenn Sie unsere Webseite aufrufen, k\u00f6nnen wir Daten aus verschiedenen Sicherheitsgr\u00fcnden speichern. Solche Daten k\u00f6nnen den Namen Ihres Access-Providers, die Webseite, von der aus der Zugriff erfolgt, Webseiten, die Sie von unserer Seite aus abgerufen sowie Ihre IP Adresse umfassen. Diese Daten k\u00f6nnten zu Ihrer Identifikation f\u00fchren, jedoch werden sie von uns nicht zu diesem Zweck erhoben. Gelegentlich nutzen wir die Daten auch zu statistischen Zwecken, dabei wahren wir jedoch die Anonymit\u00e4t jedes Nutzers, so dass diese Person nicht identifiziert werden kann. Falls wir Dritte mit der Verarbeitung von Daten beauftragen, damit sie ein von Ihnen bestelltes Produkt oder eine Dienstleistung bereitstellen, oder aber zu anderen Zwecken, f\u00fcr die Sie Ihre Einwilligung erteilt haben, dann achten wir darauf, dass die betreffende Drittperson f\u00fcr solche T\u00e4tigkeiten zugelassen ist, dass sie hinreichend Garantien hinsichtlich der Wahrung der Privatsph\u00e4re und des Datenschutzes bietet, und wir verlassen uns darauf, dass technische und organisatorische Ma\u00dfnahmen getroffen wurden, damit die Datenschutzanforderungen erf\u00fcllt werden.<\/p>\n<p>&nbsp;<\/p>\n<p><strong>Erfassung und Verarbeitung personenbezogener Daten<\/strong><\/p>\n<p>Wir erfassen Ihre personenbezogenen Daten nur, wenn Sie uns diese von sich aus zur Verf\u00fcgung stellen, z.B. im Rahmen einer Registrierung, durch das Ausf\u00fcllen von Formularen oder das Versenden einer E-Mail, im Rahmen einer Bestellung von Produkten oder Dienstleistungen, bei der Zusendung von Anfragen oder Anforderungen im Zusammenhang mit unseren Produkten oder Dienstleistungen und in \u00e4hnlichen Situationen, in denen Sie sich bereitgefunden haben, uns Daten mitzuteilen. Die Datenbank und ihre Inhalte bleiben bei unserem Unternehmen und bei den Auftragsverarbeitern und Servern, die in unserem Auftrag handeln und uns gegen\u00fcber verantwortlich sind. Ihre personenbezogenen Daten, in welcher Form auch immer, werden wir nicht an Dritte weitergeben (weder direkt noch \u00fcber Vertreter), es sei denn, wir haben Ihre Einwilligung dazu eingeholt, oder sofern eine gesetzliche Grundlage dies gebietet.<\/p>\n<p>Wir werden die Kontrolle und Verantwortung f\u00fcr den Gebrauch der Daten, die Sie uns bekannt gegeben haben, behalten. Es kann vorkommen, dass diese Daten ganz oder teilweise in anderen L\u00e4ndern (z. B. in den USA) gespeichert oder verarbeitet werden und dass in diesen L\u00e4ndern andere Datenschutzrechte gelten, als in dem Land, in dem Sie leben. In solchen F\u00e4llen stellen wir sicher, dass der Auftragsverarbeiter aus dem betreffenden Land angemessene Ma\u00dfnahmen etabliert hat, um Ihre personenbezogenen Daten nach den Anforderungen zu sch\u00fctzen, die in dem Land gelten, in dem Sie leben.<\/p>\n<p>&nbsp;<\/p>\n<p><strong>Verwendungszweck<\/strong><\/p>\n<p>Die erfassten Daten werden wir nur dazu verwenden, Ihnen die gew\u00fcnschten Produkte oder Dienstleistungen bereitzustellen, oder zu anderen Zwecken, f\u00fcr die Sie Ihre Einwilligung erteilt haben, sofern keine anderslautenden gesetzlichen Verpflichtungen bestehen.<\/p>\n<p>&nbsp;<\/p>\n<p><strong>Recht auf Auskunft und Berichtigung<\/strong><\/p>\n<p>In Bezug auf Ihre bei uns gespeicherten personenbezogenen Daten haben Sie das Recht auf Auskunft sowie das Recht auf Berichtigung, Vervollst\u00e4ndigung und L\u00f6schung der Daten, wenn diese unvollst\u00e4ndig, unrichtig oder nicht mehr aktuell sind. Hierzu gen\u00fcgt eine E-Mail an die im Impressum genannte E-Mail-Adresse oder an den Datenschutzbeauftragten.<\/p>\n<p>&nbsp;<\/p>\n<p><strong>Recht auf Widerruf<\/strong><\/p>\n<p>Sie sind berechtigt, die Einwilligung zur Verwendung personenbezogener Daten jederzeit mit Wirkung f\u00fcr die Zukunft zu widerrufen, es sei denn, es handelt sich um eine Verarbeitung zu statistischen Zwecken, bei der Ihre personenbezogenen Daten die Identifizierung Ihrer Person nicht mehr m\u00f6glich machen. Hierzu gen\u00fcgt eine E-Mail an die im Impressum genannte E-Mail-Adresse oder an den Datenschutzbeauftragten.<\/p>\n<p>&nbsp;<\/p>\n<p><strong>Aufbewahrung von Daten<\/strong><\/p>\n<p>Wir speichern personenbezogene Daten so lange, wie es n\u00f6tig ist, um eine Dienstleistung auszuf\u00fchren, die Sie gew\u00fcnscht oder zu der Sie Ihre Einwilligung erteilt haben, sofern keine anderslautenden gesetzlichen Verpflichtungen bestehen (wie zum Beispiel bei laufenden Gerichtsverfahren).<\/p>\n<p>&nbsp;<\/p>\n<p><strong>Verwendung von Cookies<\/strong><\/p>\n<p>Unsere Webseite verwendet Cookie-Dateien, um Ihre Nutzung von Internetseiten Ihren Nutzungsinteressen anzupassen. Ein Cookie ist eine Textdatei, die vom Server der Webseite auf Ihrer Festplatte hinterlegt wird. Cookies k\u00f6nnen nicht dazu eingesetzt werden, um Programme auszuf\u00fchren oder Viren auf Ihren Rechner zu laden. Cookies werden eindeutig an Sie vergeben und k\u00f6nnen nur von einem Webserver in der Dom\u00e4ne gelesen werden, von der das Cookie an Sie ausgegeben wurde.<\/p>\n<p>Wenn Sie der Verwendung von Cookies nicht zustimmen, k\u00f6nnen Sie diese Dateien auf Ihrem Rechner oder mobilen Ger\u00e4t leicht l\u00f6schen (oder sperren), und zwar mittels der Einstellungen des von Ihnen verwendeten Browsers. Weitere Informationen zum Cookie-Management entnehmen Sie bitte den Webseiten des von Ihnen verwendeten Browsers.<\/p>\n<p>Da Cookies dazu dienen, die Nutzung unserer Webseite und ihrer Prozesse zu erm\u00f6glichen und zu verbessern, beachten Sie bitte, dass das Sperren oder L\u00f6schen von Cookies die Funktion dieser Eigenschaften unm\u00f6glich machen oder zu einer Ver\u00e4nderung der Funktionsweise und des Erscheinungsbilds in Ihrem Browser f\u00fchren kann.<\/p>\n<p>&nbsp;<\/p>\n<p><strong>Webanalyse<\/strong><\/p>\n<p>Auf dieser Webseite verwenden wir Google Analytics und Google Search Console, Webanalysedienste von Google Inc., 1600 Amphitheatre Parkway, Mountain View, CA 94043, United States (\u201eGoogle\u201c).<\/p>\n<p>Gem\u00e4\u00df Ihrer Einwilligung analysiert Google in unserem Auftrag Ihr Nutzerverhalten auf unserer Webseite. Die oben genannten Cookies verwenden wir unter anderem auch zu diesem Zweck. Die von Google erfassten Informationen \u00fcber Ihre Benutzung dieser Webseite (z.B. Ausgangs-URL, bei uns besuchte Seiten, von Ihnen verwendeter Web-Browser, Ihre Spracheinstellungen, Ihr Rechnersystem und Bildschirmaufl\u00f6sung) werden an einen Server von Google in den USA \u00fcbertragen und dort gespeichert und ausgewertet, und wir erhalten ein Resultat in anonymisierter Form. Daten \u00fcber Ihr Nutzerverhalten werden dabei nicht mit Ihrer vollen IP-Adresse verkn\u00fcpft. Wir haben auf dieser Webseite die von Google angebotene Funktion der IP-Anonymisierung aktiviert, so dass das letzte Oktett (bei Typ Ipv4) beziehungsweise die letzten 80 Bits (bei Typ Ipv6) Ihrer IP-Adresse auf null gesetzt werden. Google ist als EU-US Privacy-Shield zertifiziert ausgewiesen, so dass bei der Datenverarbeitung seitens Google in den USA ein entsprechendes Datenschutzniveau zur Anwendung kommt.<\/p>\n<p>Sie k\u00f6nnen Ihre Einwilligung zur Webanalyse jederzeit widerrufen, indem sie das Browser-Plugin von Google herunterladen und installieren, oder Sie k\u00f6nnen die Cookies auf Ihrem Rechner oder mobilen Ger\u00e4t verhindern beziehungsweise l\u00f6schen. Beide M\u00f6glichkeiten verhindern die Webanalyse, solange Sie den Browser verwenden, auf dem das Plugin installiert ist, oder bis Sie das Opt-Out-Cookie deaktivieren.<\/p>\n<p>Weitere Informationen zu Google Analytics finden Sie in den Nutzungsbedingungen f\u00fcr Google Analytics, in den Sicherheits- und Datenschutzgrunds\u00e4tzen von Google Analytics sowie in der Datenschutzerkl\u00e4rung von Google.<\/p>\n<p>&nbsp;<\/p>\n<p><strong>Sicherheit<\/strong><\/p>\n<p>Die TGGK hat technische und organisatorische Schutzvorkehrungen getroffen, um Ihre Daten vor Manipulationen, Verlust, Zerst\u00f6rung oder dem Zugriff unberechtigter Personen zu sch\u00fctzen. Alle personenbezogenen Daten, die Sie uns zur Verf\u00fcgung gestellt haben, werden verschl\u00fcsselt \u00fcbertragen, um dem Missbrauch der Daten durch Dritte vorzubeugen. Unsere Sicherheitsverfahren werden regelm\u00e4\u00dfig dem technologischen Fortschritt angepasst.<\/p>\n<p>&nbsp;<\/p>\n<p><strong>Kinder<\/strong><\/p>\n<p>In Anbetracht der Wichtigkeit des Schutzes der Privatsph\u00e4re von Kindern, erheben, verarbeiten und nutzen wir auf unserer Webseite keine Daten von Personen, von denen uns bekannt ist, dass sie j\u00fcnger als 16 Jahre sind, ohne dass die vorherige glaubw\u00fcrdige Zustimmung eines gesetzlichen Vertreters vorliegt. Der gesetzliche Vertreter hat das Recht und kann Einsichtnahme in die vom Kind angegebenen Daten sowie die L\u00f6schung derselben verlangen.<\/p>\n<p>&nbsp;<\/p>\n<p><strong>Kontakt<\/strong><\/p>\n<p>Bei etwaigen Fragen, Anregungen oder Anliegen wenden Sie sich bitte an die folgende E-Mail:\u00a0<a href=\"mailto:info@istra.hr\" target=\"_blank\" rel=\"noopener\">info@istra.hr<\/a><\/p>\n<p>Die st\u00e4ndige Entwicklung des Internets macht von Zeit zu Zeit Anpassungen unserer Datenschutzerkl\u00e4rung erforderlich. Wir behalten uns vor, bei Bedarf entsprechende \u00c4nderungen vorzunehmen.<\/p>\n<p>Der Zugriff auf diese Webseite, ihre Nutzung sowie die Datenschutzerkl\u00e4rung unterliegen dem Recht der Republik Kroatien. Im Streitfall sind ausschlie\u00dflich kroatische Gerichte zust\u00e4ndig.<\/p>\n<p>Diese Datenschutzerkl\u00e4rung wird ab dem 25. Mai 2018. angewandt.<\/p>\n","protected":false},"excerpt":{"rendered":"<p>DATENSCHUTZERKL\u00c4RUNG Gem\u00e4\u00df der Verordnung (EU) 2016\/679 des Europ\u00e4ischen Parlaments und des Rates vom 27. April 2016 zum Schutz nat\u00fcrlicher Personen &#8230;<\/p>\n","protected":false},"author":1,"featured_media":0,"parent":0,"menu_order":0,"comment_status":"closed","ping_status":"closed","template":"","meta":[],"_links":{"self":[{"href":"https:\/\/visitkanfanar.hr\/de\/wp-json\/wp\/v2\/pages\/8793"}],"collection":[{"href":"https:\/\/visitkanfanar.hr\/de\/wp-json\/wp\/v2\/pages"}],"about":[{"href":"https:\/\/visitkanfanar.hr\/de\/wp-json\/wp\/v2\/types\/page"}],"author":[{"embeddable":true,"href":"https:\/\/visitkanfanar.hr\/de\/wp-json\/wp\/v2\/users\/1"}],"replies":[{"embeddable":true,"href":"https:\/\/visitkanfanar.hr\/de\/wp-json\/wp\/v2\/comments?post=8793"}],"version-history":[{"count":2,"href":"https:\/\/visitkanfanar.hr\/de\/wp-json\/wp\/v2\/pages\/8793\/revisions"}],"predecessor-version":[{"id":8802,"href":"https:\/\/visitkanfanar.hr\/de\/wp-json\/wp\/v2\/pages\/8793\/revisions\/8802"}],"wp:attachment":[{"href":"https:\/\/visitkanfanar.hr\/de\/wp-json\/wp\/v2\/media?parent=8793"}],"curies":[{"name":"wp","href":"https:\/\/api.w.org\/{rel}","templated":true}]}}