{"id":1030,"date":"2017-05-03T11:43:36","date_gmt":"2017-05-03T11:43:36","guid":{"rendered":"https:\/\/visitkanfanar.hr\/?page_id=1030\/"},"modified":"2018-09-09T09:02:35","modified_gmt":"2018-09-09T09:02:35","slug":"terms-of-use","status":"publish","type":"page","link":"https:\/\/visitkanfanar.hr\/en\/terms-of-use\/","title":{"rendered":"Terms of Use"},"content":{"rendered":"<p>Kanfanar Tourist Board reserves all rights on published texts, photographs and other materials published on webpage <a href=\"https:\/\/visitkanfanar.hr\/en\/\">visitkanfanar<\/a>. These pages are linked to the pages of other tourism service providers. Kanfanar Tourist Board shall, however, bear no responsibility for the contents or accuracy of information published on such pages.<\/p>\n<p><strong>It is not allowed to copy, reproduce or distribute in any other way<\/strong> those materials without a prior permission of Kanfanar Tourist Board and the authors of materials.<\/p>\n<p>Data collected through the Kanfanar Tourist Board site (such as e-mails) will not be handed over to the third parties for use. Kanfanar Tourist Board will use those information exclusively fot its needs.<\/p>\n<p>A person who uses these websites, unconditionally accepts the application of these Terms of Use and is considered capable of accepting these Terms of Use and understands all risks associated with the use of herein published and available content.<\/p>\n<p><strong>Authors of the photographs<\/strong>: David Meden, Kristijan Ribari\u0107, arhiva TZ Op\u0107ine Kanfanar, Toni \u017dufi\u0107, Turisti\u010dka zajednica Op\u0107ine Kanfanar, IRTA \u2013 Istra Outdoor, arhiva Istra Inspirit, Studio Prizma (za Tjestenina Klara M), Daniel Cerin, Dragan Ogurli\u0107<\/p>\n<p><strong>Translations:<\/strong><\/p>\n<p><span style=\"text-decoration: underline;\">ENGLISH<\/span> \u2013 Culture and tourism students (University of Juraj Dobrila, Pula) under the mentorship of prof. Sun\u010dana Tuksar Radumilo: Denis Brandeis, Katarina Fumi\u0107, Lorena Halar, Patricia Kazalac, Rosela Kru\u017ei\u0107, Silvija Kukuljevi\u0107, Jana Labovi\u0107, Dunja Milin, Paula Rojni\u0107, Tijana \u017divko, Nina Petrovi\u0107, Katarina Beri\u0107, Matea Buri\u0107, Izabela Del Vechio, Irmela Heni\u0107, An\u0111ela Jokanovi\u0107, Ornela Or\u0161uli\u0107, Nikolina Petri\u0107, Ena Vukomanovi\u0107, Ana Mirkovi\u0107 and Kanfanar Tourist Board<\/p>\n<p><span style=\"text-decoration: underline;\">GERMAN<\/span> \u2013 Andrea Vugrinovi\u0107<\/p>\n<p><span style=\"text-decoration: underline;\">ITALIAN<\/span> &#8211; Atinianum translations<\/p>\n","protected":false},"excerpt":{"rendered":"<p>Kanfanar Tourist Board reserves all rights on published texts, photographs and other materials published on webpage visitkanfanar. These pages are &#8230;<\/p>\n","protected":false},"author":1,"featured_media":0,"parent":0,"menu_order":0,"comment_status":"closed","ping_status":"closed","template":"","meta":[],"_links":{"self":[{"href":"https:\/\/visitkanfanar.hr\/en\/wp-json\/wp\/v2\/pages\/1030"}],"collection":[{"href":"https:\/\/visitkanfanar.hr\/en\/wp-json\/wp\/v2\/pages"}],"about":[{"href":"https:\/\/visitkanfanar.hr\/en\/wp-json\/wp\/v2\/types\/page"}],"author":[{"embeddable":true,"href":"https:\/\/visitkanfanar.hr\/en\/wp-json\/wp\/v2\/users\/1"}],"replies":[{"embeddable":true,"href":"https:\/\/visitkanfanar.hr\/en\/wp-json\/wp\/v2\/comments?post=1030"}],"version-history":[{"count":4,"href":"https:\/\/visitkanfanar.hr\/en\/wp-json\/wp\/v2\/pages\/1030\/revisions"}],"predecessor-version":[{"id":5721,"href":"https:\/\/visitkanfanar.hr\/en\/wp-json\/wp\/v2\/pages\/1030\/revisions\/5721"}],"wp:attachment":[{"href":"https:\/\/visitkanfanar.hr\/en\/wp-json\/wp\/v2\/media?parent=1030"}],"curies":[{"name":"wp","href":"https:\/\/api.w.org\/{rel}","templated":true}]}}