{"id":758,"date":"2017-04-26T17:46:13","date_gmt":"2017-04-26T17:46:13","guid":{"rendered":"https:\/\/visitkanfanar.hr\/way-to-kanfanar\/"},"modified":"2017-05-03T13:34:19","modified_gmt":"2017-05-03T13:34:19","slug":"way-to-kanfanar","status":"publish","type":"page","link":"https:\/\/visitkanfanar.hr\/en\/way-to-kanfanar\/","title":{"rendered":"Way to Kanfanar"},"content":{"rendered":"<h4><a href=\"https:\/\/visitkanfanar.hr\/wp-content\/uploads\/2017\/05\/Gastronomija-i-povijest-Kanfanara-na-dva-kotaca.pdf\"><i class=\"fa fa-file-pdf-o\" style=\"15px\"><\/i>\u00a0Gastronomija i povijest Kanfanara na dva kotaca<br \/>\n<\/a><br \/>\n<a href=\"https:\/\/visitkanfanar.hr\/wp-content\/uploads\/2017\/05\/Gastronomski-uzici-Kanfanara.pdf\"><i class=\"fa fa-file-pdf-o\" style=\"15px\"><\/i>\u00a0Gastronomski u\u017eici Kanfanara<br \/>\n<\/a><br \/>\n<a href=\"https:\/\/visitkanfanar.hr\/wp-content\/uploads\/2017\/05\/Jame-Kanfanarstine.pdf\"><i class=\"fa fa-file-pdf-o\" style=\"15px\"><\/i> Jame kanfanar\u0161tine<br \/>\n<\/a><br \/>\n<a href=\"https:\/\/visitkanfanar.hr\/wp-content\/uploads\/2017\/05\/Kanfanarske-crkvice.pdf\"><i class=\"fa fa-file-pdf-o\" style=\"15px\"><\/i> Kanfanarske crkvice<br \/>\n<\/a><br \/>\n<a href=\"https:\/\/visitkanfanar.hr\/wp-content\/uploads\/2017\/05\/Kanfanarske-pecine-u-prapovijesti.pdf\"><i class=\"fa fa-file-pdf-o\" style=\"15px\"><\/i> Kanfanarske pe\u0107ine u prapovijesti<br \/>\n<\/a><br \/>\n<a href=\"https:\/\/visitkanfanar.hr\/wp-content\/uploads\/2017\/05\/Maklavun-jedini-tholos-izvan-Grcke.pdf\"><i class=\"fa fa-file-pdf-o\" style=\"15px\"><\/i> Maklavun &#8211; jedini tholos izvan Gr\u010dke<br \/>\n<\/a><br \/>\n<a href=\"https:\/\/visitkanfanar.hr\/wp-content\/uploads\/2017\/05\/Notama-Dvigrad-festival.pdf\"><i class=\"fa fa-file-pdf-o\" style=\"15px\"><\/i> Notama Dvigradskog festivala<br \/>\n<\/a><br \/>\n<a href=\"https:\/\/visitkanfanar.hr\/wp-content\/uploads\/2017\/05\/Prica-o-boskarinu.pdf\"><i class=\"fa fa-file-pdf-o\" style=\"15px\"><\/i> Pri\u010da o bo\u0161karinu<br \/>\n<\/a><br \/>\n<a href=\"https:\/\/visitkanfanar.hr\/wp-content\/uploads\/2017\/05\/Utrka-na-blago-kapetana-Morgana.pdf\"><i class=\"fa fa-file-pdf-o\" style=\"15px\"><\/i> Utrka na blago kapetana Morgana<\/a><br \/>\n<a href=\"https:\/\/visitkanfanar.hr\/wp-content\/uploads\/2017\/05\/Gastronomija-i-povijest-Kanfanara-na-dva-kotaca.pdf\">\u00a0<\/a><br \/>\n<a href=\"https:\/\/visitkanfanar.hr\/wp-content\/uploads\/2017\/05\/Gastronomija-i-povijest-Kanfanara-na-dva-kotaca.pdf\"><br \/>\n<\/a><\/h4>\n","protected":false},"excerpt":{"rendered":"<p>\u00a0Gastronomija i povijest Kanfanara na dva kotaca \u00a0Gastronomski u\u017eici Kanfanara Jame kanfanar\u0161tine Kanfanarske crkvice Kanfanarske pe\u0107ine u prapovijesti Maklavun &#8211; &#8230;<\/p>\n","protected":false},"author":1,"featured_media":0,"parent":0,"menu_order":0,"comment_status":"closed","ping_status":"closed","template":"","meta":[],"_links":{"self":[{"href":"https:\/\/visitkanfanar.hr\/en\/wp-json\/wp\/v2\/pages\/758"}],"collection":[{"href":"https:\/\/visitkanfanar.hr\/en\/wp-json\/wp\/v2\/pages"}],"about":[{"href":"https:\/\/visitkanfanar.hr\/en\/wp-json\/wp\/v2\/types\/page"}],"author":[{"embeddable":true,"href":"https:\/\/visitkanfanar.hr\/en\/wp-json\/wp\/v2\/users\/1"}],"replies":[{"embeddable":true,"href":"https:\/\/visitkanfanar.hr\/en\/wp-json\/wp\/v2\/comments?post=758"}],"version-history":[{"count":1,"href":"https:\/\/visitkanfanar.hr\/en\/wp-json\/wp\/v2\/pages\/758\/revisions"}],"predecessor-version":[{"id":1097,"href":"https:\/\/visitkanfanar.hr\/en\/wp-json\/wp\/v2\/pages\/758\/revisions\/1097"}],"wp:attachment":[{"href":"https:\/\/visitkanfanar.hr\/en\/wp-json\/wp\/v2\/media?parent=758"}],"curies":[{"name":"wp","href":"https:\/\/api.w.org\/{rel}","templated":true}]}}