{"id":1032,"date":"2017-05-03T11:43:36","date_gmt":"2017-05-03T11:43:36","guid":{"rendered":"https:\/\/visitkanfanar.hr\/?page_id=1032\/"},"modified":"2018-09-09T09:04:31","modified_gmt":"2018-09-09T09:04:31","slug":"condizioni-di-utilizzo","status":"publish","type":"page","link":"https:\/\/visitkanfanar.hr\/it\/condizioni-di-utilizzo\/","title":{"rendered":"Condizioni di utilizzo"},"content":{"rendered":"<p>Turisti\u010dka zajednica Op\u0107ine Kanfanar zadr\u017eava sva prava na objavljene tekstove i fotografije te ostale sadr\u017eaje objavljene na stranicama <a href=\"https:\/\/visitkanfanar.hr\/\">visitkanfanar<\/a>. Za sadr\u017eaje objavljene na stranicama do kojih vode poveznice na stranicama <a href=\"https:\/\/visitkanfanar.hr\/\">visitkanfanar<\/a> Turisti\u010dka zajednica Op\u0107ine Kanfanar nije odgovorna te ne jam\u010di to\u010dnost informacija na istima.<\/p>\n<p>Bez pismenog pristanka Turisti\u010dke zajednice Op\u0107ine Kanfanar i autora tekstova, fotografija i ostalih objavljenih sadr\u017eaja isti se <strong>ne smiju kopirati, reproducirati ili dalje distribuirati<\/strong>.<\/p>\n<p>Napominjemo da se podaci prikupljeni putem stranica Turisti\u010dke zajednice Op\u0107ine Kanfanar, \u00a0poput e-mail adrese kod upisa za primanja za newsletter, ne\u0107e ustupati tre\u0107im osobama na kori\u0161tenje, a Turisti\u010dka zajednica Op\u0107ine Kanfanar koristit \u0107e ih isklju\u010divo za vlastite potrebe.<\/p>\n<p>Osoba koja koristi ove internetske stranice kori\u0161tenjem istih bezuvjetno pristaje na primjenu ovih Uvjeta kori\u0161tenja te se smatra da je ista sposobna prihvatiti ove Uvjete kori\u0161tenja i da shva\u0107a sve rizike povezane s kori\u0161tenjem ovdje objavljenog i dostupnog sadr\u017eaja.<\/p>\n<p><strong>Autori fotografija<\/strong>: David Meden, Kristijan Ribari\u0107, arhiva TZ Op\u0107ine Kanfanar, Toni \u017dufi\u0107, Turisti\u010dka zajednica Op\u0107ine Kanfanar, IRTA \u2013 Istra Outdoor, arhiva Istra Inspirit, Studio Prizma (za Tjestenina Klara M), Daniel Cerin, Dragan Ogurli\u0107<\/p>\n<p><strong>Prijevodi:<\/strong><\/p>\n<p><span style=\"text-decoration: underline;\">ENGLESKI<\/span> \u2013 studenti Kulture i turizma (Sveu\u010dili\u0161te Jurja Dobrile u Puli) pod mentorstvom prof. Sun\u010dane Tuksar Radumilo: Denis Brandeis, Katarina Fumi\u0107, Lorena Halar, Patricia Kazalac, Rosela Kru\u017ei\u0107, Silvija Kukuljevi\u0107, Jana Labovi\u0107, Dunja Milin, Paula Rojni\u0107, Tijana \u017divko, Nina Petrovi\u0107, Katarina Beri\u0107, Matea Buri\u0107, Izabela Del Vechio, Irmela Heni\u0107, An\u0111ela Jokanovi\u0107, Ornela Or\u0161uli\u0107, Nikolina Petri\u0107, Ena Vukomanovi\u0107, Ana Mirkovi\u0107 i TZ Op\u0107ine Kanfanar<\/p>\n<p><span style=\"text-decoration: underline;\">NJEMA\u010cKI<\/span> \u2013 Andrea Vugrinovi\u0107<\/p>\n<p><span style=\"text-decoration: underline;\">TALIJANSKI<\/span> &#8211; Atinianum prijevodi<\/p>\n","protected":false},"excerpt":{"rendered":"<p>Turisti\u010dka zajednica Op\u0107ine Kanfanar zadr\u017eava sva prava na objavljene tekstove i fotografije te ostale sadr\u017eaje objavljene na stranicama visitkanfanar. Za &#8230;<\/p>\n","protected":false},"author":1,"featured_media":0,"parent":0,"menu_order":0,"comment_status":"closed","ping_status":"closed","template":"","meta":[],"_links":{"self":[{"href":"https:\/\/visitkanfanar.hr\/it\/wp-json\/wp\/v2\/pages\/1032"}],"collection":[{"href":"https:\/\/visitkanfanar.hr\/it\/wp-json\/wp\/v2\/pages"}],"about":[{"href":"https:\/\/visitkanfanar.hr\/it\/wp-json\/wp\/v2\/types\/page"}],"author":[{"embeddable":true,"href":"https:\/\/visitkanfanar.hr\/it\/wp-json\/wp\/v2\/users\/1"}],"replies":[{"embeddable":true,"href":"https:\/\/visitkanfanar.hr\/it\/wp-json\/wp\/v2\/comments?post=1032"}],"version-history":[{"count":4,"href":"https:\/\/visitkanfanar.hr\/it\/wp-json\/wp\/v2\/pages\/1032\/revisions"}],"predecessor-version":[{"id":5723,"href":"https:\/\/visitkanfanar.hr\/it\/wp-json\/wp\/v2\/pages\/1032\/revisions\/5723"}],"wp:attachment":[{"href":"https:\/\/visitkanfanar.hr\/it\/wp-json\/wp\/v2\/media?parent=1032"}],"curies":[{"name":"wp","href":"https:\/\/api.w.org\/{rel}","templated":true}]}}