{"id":1917,"date":"2017-04-07T09:18:34","date_gmt":"2017-04-07T09:18:34","guid":{"rendered":"https:\/\/visitkanfanar.hr\/canfanaro\/clima-e-posizione\/"},"modified":"2017-09-13T07:31:26","modified_gmt":"2017-09-13T07:31:26","slug":"clima-e-posizione","status":"publish","type":"page","link":"https:\/\/visitkanfanar.hr\/it\/canfanaro\/clima-e-posizione\/","title":{"rendered":"Clima e posizione"},"content":{"rendered":"<p><a href=\"https:\/\/visitkanfanar.hr\/wp-content\/uploads\/2017\/04\/DJI_0041.jpg\"><img loading=\"lazy\" class=\"size-full wp-image-4295\" src=\"https:\/\/visitkanfanar.hr\/wp-content\/uploads\/2017\/04\/DJI_0041.jpg\" alt=\"\" width=\"1200\" height=\"675\" srcset=\"https:\/\/visitkanfanar.hr\/wp-content\/uploads\/2017\/04\/DJI_0041.jpg 1200w, https:\/\/visitkanfanar.hr\/wp-content\/uploads\/2017\/04\/DJI_0041-300x169.jpg 300w, https:\/\/visitkanfanar.hr\/wp-content\/uploads\/2017\/04\/DJI_0041-768x432.jpg 768w, https:\/\/visitkanfanar.hr\/wp-content\/uploads\/2017\/04\/DJI_0041-1024x576.jpg 1024w, https:\/\/visitkanfanar.hr\/wp-content\/uploads\/2017\/04\/DJI_0041-805x453.jpg 805w\" sizes=\"(max-width: 1200px) 100vw, 1200px\" \/><\/a><\/p>\n<p>A Canfanaro \u00e8 piacevole trascorrere le vacanze anche fuori stagione, visto che qui gli inverni sono miti e piacevoli. Grazie alla posizione geografica alquanto favorevole della penisola istriana (e pertanto anche del comprensorio canfanarese), la localit\u00e0 ha un clima mediterraneo particolarmente mite, con una media di 2.300 ore di sole all&#8217;anno.<\/p>\n<p>Dei complessivi 480 chilometri di costa istriana, quella di Canfanaro ubicata in cima al Canale di Leme, \u00e8 lunga un chilometro. L&#8217;acqua del Canale di Leme \u00e8 purissima ed ha una salinit\u00e0 del 36 per mille.<\/p>\n<p>&nbsp;<\/p>\n<p><em>Come raggiungere Canfanaro?<\/em><\/p>\n<p>Canfanaro si trova sul lato occidentale della penisola istriana e si pu\u00f2 raggiungere in vari modi. Grazie all&#8217;ottimo collegamento stradale, l&#8217;automobile \u00e8 il mezzo pi\u00f9 pratico per arrivare a Canfanaro, visto che nell&#8217;area c&#8217;\u00e8 lo svincolo principale\u00a0 dell&#8217;autostrada \u201eY istriana\u201c, il quale vi permette anche di raggiungere facilmente qualsiasi altra localit\u00e0 della nostra penisola. Viaggiando in autostrada, prendete l&#8217;uscita per Canfanaro (a una sessantina di chilometri dal confine con la Slovenia).<\/p>\n<p>Potete arrivare anche in treno. Canfanaro \u00e8 sempre stata e lo \u00e8 tuttora, una delle stazioni ferroviarie pi\u00f9 importanti dell&#8217;area. Durante tutto l&#8217;anno in treno si possono raggiungere le maggiori localit\u00e0 istriane e nei mesi estivi ci sono anche linee regolari per la Slovenia.<\/p>\n<p>Arrivando in Istria in aereo, lo scalo pi\u00f9 vicino \u00e8 quello di Pola, che dista una trentina di chilometri da Canfanaro.<\/p>\n","protected":false},"excerpt":{"rendered":"<p>A Canfanaro \u00e8 piacevole trascorrere le vacanze anche fuori stagione, visto che qui gli inverni sono miti e piacevoli. Grazie &#8230;<\/p>\n","protected":false},"author":1,"featured_media":0,"parent":233,"menu_order":0,"comment_status":"closed","ping_status":"closed","template":"","meta":[],"_links":{"self":[{"href":"https:\/\/visitkanfanar.hr\/it\/wp-json\/wp\/v2\/pages\/1917"}],"collection":[{"href":"https:\/\/visitkanfanar.hr\/it\/wp-json\/wp\/v2\/pages"}],"about":[{"href":"https:\/\/visitkanfanar.hr\/it\/wp-json\/wp\/v2\/types\/page"}],"author":[{"embeddable":true,"href":"https:\/\/visitkanfanar.hr\/it\/wp-json\/wp\/v2\/users\/1"}],"replies":[{"embeddable":true,"href":"https:\/\/visitkanfanar.hr\/it\/wp-json\/wp\/v2\/comments?post=1917"}],"version-history":[{"count":1,"href":"https:\/\/visitkanfanar.hr\/it\/wp-json\/wp\/v2\/pages\/1917\/revisions"}],"predecessor-version":[{"id":4301,"href":"https:\/\/visitkanfanar.hr\/it\/wp-json\/wp\/v2\/pages\/1917\/revisions\/4301"}],"up":[{"embeddable":true,"href":"https:\/\/visitkanfanar.hr\/it\/wp-json\/wp\/v2\/pages\/233"}],"wp:attachment":[{"href":"https:\/\/visitkanfanar.hr\/it\/wp-json\/wp\/v2\/media?parent=1917"}],"curies":[{"name":"wp","href":"https:\/\/api.w.org\/{rel}","templated":true}]}}