{"id":1923,"date":"2017-04-07T09:21:00","date_gmt":"2017-04-07T09:21:00","guid":{"rendered":"https:\/\/visitkanfanar.hr\/jakovlja\/"},"modified":"2019-07-18T06:04:38","modified_gmt":"2019-07-18T06:04:38","slug":"jakovlja","status":"publish","type":"page","link":"https:\/\/visitkanfanar.hr\/it\/eventi\/jakovlja\/","title":{"rendered":"Jakovlja"},"content":{"rendered":"<p>[vc_row][vc_column][vc_column_text]<strong>Jakovlja (Festa di San Giacomo) e Fusiada<\/strong><\/p>\n<p>Nell&#8217;ultimo fine settimana del mese di luglio ha tradizionalmente luogo la Jakovlja \u2013 la festa pi\u00f9 grande di Canfanaro.<\/p>\n<p>Sin dall&#8217;antichit\u00e0 in questo che \u00e8 il punto in cui si intersecano i confini di alcuni comuni, accanto alle rovine di quello che era il convento dedicato al santo, si organizzava il mercato del bestiame. All&#8217;inizio degli anni Novanta del XX secolo questa tradizione venne riproposta con la rassegna del bue istriano (boscarin), che divenne subito il fulcro della manifestazione. Erano gli anni in cui in Istria c&#8217;erano pochissimi buoi istriani e la razza era a serio rischio di estinzione. Avendo come scopo la presa di coscienza da parte dell&#8217;opinione pubblica del fatto che l&#8217;Istria stava perdendo uno dei suoi simboli pi\u00f9 importanti, i Canfanaresi promossero la rassegna del bue in seno alla quale, tuttora, vengono eletti e premiati anche il bue pi\u00f9 bello, il pi\u00f9 pesante e quello pi\u00f9 ubbidiente. Di anno in anno, grazie anche alla Jakovlja, il numero di buoi istriani aumenta, ma il mansueto animale rimane comunque ancora a rischio. Ancor oggi gli orgogliosi proprietari di boscarini, che pesano pi\u00f9 di una tonnellata, vengono a Canfanaro per la rassegna. Dopo l&#8217;apertura ufficiale segue la sfilata che raggiunge la bilancia pubblica, dove gli animali vengono pesati per scegliere l&#8217;esemplare pi\u00f9 grande, e poi tutti nella valle sottostante per una dimostrazione di come si arava in passato con i buoi. Anche gli ospiti si possono cimentare con l\u2019aratro in mano. Dopo la premiazione del boscarin pi\u00f9 pesante, bello e mansueto, c&#8217;\u00e8 il ricco programma artistico-culturale e d&#8217;intrattenimento che prosegue fino alle ore piccole.<\/p>\n<p>Oggi la Festa di San Giacomo, Jakovlja, vanta anche altri programmi: il venerd\u00ec \u00e8 imperdibile il <em>gastro show <\/em>Fusiada, durante il quale si impara a fare il pi\u00f9 famoso tipo di pasta dell&#8217;Istria. Naturalmente, i fusi si possono anche assaggiare, conditi in pi\u00f9 modi.<\/p>\n<p>Se siete alla ricerca di indimenticabili esperienze gastronomiche, culturali e tradizionali, appartenenti al passato dell&#8217;Istria, siete i benvenuti alla Jakovlja!<\/p>\n<p>&nbsp;<\/p>\n<p><em>La manifestazione Jakovlja ha vinto il premio annuale nazionale Simply the best (2016), quale migliore manifestazione ispirata alle tradizioni e agli usi locali.<\/em><\/p>\n<p>&nbsp;<\/p>\n<p><a href=\"https:\/\/visitkanfanar.hr\/wp-content\/uploads\/2019\/07\/letak-1.jpg\">JAKOVLJA 2019<\/a><\/p>\n<p>&nbsp;<\/p>\n<p>[\/vc_column_text][\/vc_column][\/vc_row][vc_row][vc_column][vc_gallery type=&#8221;image_grid&#8221; images=&#8221;937,877,1738,1742,1746,1750,1754,1758,1762&#8243;][\/vc_column][\/vc_row]<\/p>\n","protected":false},"excerpt":{"rendered":"<p>[vc_row][vc_column][vc_column_text]Jakovlja (Festa di San Giacomo) e Fusiada Nell&#8217;ultimo fine settimana del mese di luglio ha tradizionalmente luogo la Jakovlja \u2013 &#8230;<\/p>\n","protected":false},"author":1,"featured_media":5319,"parent":1933,"menu_order":0,"comment_status":"closed","ping_status":"closed","template":"","meta":[],"_links":{"self":[{"href":"https:\/\/visitkanfanar.hr\/it\/wp-json\/wp\/v2\/pages\/1923"}],"collection":[{"href":"https:\/\/visitkanfanar.hr\/it\/wp-json\/wp\/v2\/pages"}],"about":[{"href":"https:\/\/visitkanfanar.hr\/it\/wp-json\/wp\/v2\/types\/page"}],"author":[{"embeddable":true,"href":"https:\/\/visitkanfanar.hr\/it\/wp-json\/wp\/v2\/users\/1"}],"replies":[{"embeddable":true,"href":"https:\/\/visitkanfanar.hr\/it\/wp-json\/wp\/v2\/comments?post=1923"}],"version-history":[{"count":5,"href":"https:\/\/visitkanfanar.hr\/it\/wp-json\/wp\/v2\/pages\/1923\/revisions"}],"predecessor-version":[{"id":6885,"href":"https:\/\/visitkanfanar.hr\/it\/wp-json\/wp\/v2\/pages\/1923\/revisions\/6885"}],"up":[{"embeddable":true,"href":"https:\/\/visitkanfanar.hr\/it\/wp-json\/wp\/v2\/pages\/1933"}],"wp:featuredmedia":[{"embeddable":true,"href":"https:\/\/visitkanfanar.hr\/it\/wp-json\/wp\/v2\/media\/5319"}],"wp:attachment":[{"href":"https:\/\/visitkanfanar.hr\/it\/wp-json\/wp\/v2\/media?parent=1923"}],"curies":[{"name":"wp","href":"https:\/\/api.w.org\/{rel}","templated":true}]}}