{"id":1931,"date":"2017-04-07T09:23:04","date_gmt":"2017-04-07T09:23:04","guid":{"rendered":"https:\/\/visitkanfanar.hr\/rassegna-dellolio-doliva\/"},"modified":"2017-05-09T12:06:23","modified_gmt":"2017-05-09T12:06:23","slug":"rassegna-dellolio-doliva","status":"publish","type":"page","link":"https:\/\/visitkanfanar.hr\/it\/eventi\/rassegna-dellolio-doliva\/","title":{"rendered":"Rassegna dell&#8217;olio d&#8217;oliva"},"content":{"rendered":"<p>[vc_row][vc_column width=&#8221;1\/2&#8243;][vc_single_image image=&#8221;897&#8243; img_size=&#8221;large&#8221;][\/vc_column][vc_column width=&#8221;1\/2&#8243;][vc_column_text]Il territorio di Canfanaro \u00e8 ideale per la coltivazione di olivi e la produzione di olio di oliva di qualit\u00e0. L&#8217;olivicoltura, da sempre presente in quest&#8217;area, \u00e8 in costante crescita, sia in Istria che qui a Canfanaro. \u00c8 proprio allo scopo di presentare e di valutare gli extravergini canfanaresi, che verso la fine dell&#8217;anno ha luogo la Rassegna dell&#8217;olio d&#8217;oliva novello del Canfanarese, alla quale anche i visitatori possono assaporare e gustare questo oro verde liquido.[\/vc_column_text][\/vc_column][\/vc_row]<\/p>\n","protected":false},"excerpt":{"rendered":"<p>[vc_row][vc_column width=&#8221;1\/2&#8243;][vc_single_image image=&#8221;897&#8243; img_size=&#8221;large&#8221;][\/vc_column][vc_column width=&#8221;1\/2&#8243;][vc_column_text]Il territorio di Canfanaro \u00e8 ideale per la coltivazione di olivi e la produzione di olio &#8230;<\/p>\n","protected":false},"author":1,"featured_media":0,"parent":1933,"menu_order":0,"comment_status":"closed","ping_status":"closed","template":"","meta":[],"_links":{"self":[{"href":"https:\/\/visitkanfanar.hr\/it\/wp-json\/wp\/v2\/pages\/1931"}],"collection":[{"href":"https:\/\/visitkanfanar.hr\/it\/wp-json\/wp\/v2\/pages"}],"about":[{"href":"https:\/\/visitkanfanar.hr\/it\/wp-json\/wp\/v2\/types\/page"}],"author":[{"embeddable":true,"href":"https:\/\/visitkanfanar.hr\/it\/wp-json\/wp\/v2\/users\/1"}],"replies":[{"embeddable":true,"href":"https:\/\/visitkanfanar.hr\/it\/wp-json\/wp\/v2\/comments?post=1931"}],"version-history":[{"count":1,"href":"https:\/\/visitkanfanar.hr\/it\/wp-json\/wp\/v2\/pages\/1931\/revisions"}],"predecessor-version":[{"id":1932,"href":"https:\/\/visitkanfanar.hr\/it\/wp-json\/wp\/v2\/pages\/1931\/revisions\/1932"}],"up":[{"embeddable":true,"href":"https:\/\/visitkanfanar.hr\/it\/wp-json\/wp\/v2\/pages\/1933"}],"wp:attachment":[{"href":"https:\/\/visitkanfanar.hr\/it\/wp-json\/wp\/v2\/media?parent=1931"}],"curies":[{"name":"wp","href":"https:\/\/api.w.org\/{rel}","templated":true}]}}