{"id":1947,"date":"2017-04-07T16:21:05","date_gmt":"2017-04-07T16:21:05","guid":{"rendered":"https:\/\/visitkanfanar.hr\/prodotti\/miele\/"},"modified":"2020-11-23T12:07:10","modified_gmt":"2020-11-23T12:07:10","slug":"miele","status":"publish","type":"page","link":"https:\/\/visitkanfanar.hr\/it\/prodotti\/miele\/","title":{"rendered":"Miele"},"content":{"rendered":"<p>[vc_row][vc_column width=&#8221;1\/2&#8243;][vc_single_image image=&#8221;1621&#8243; img_size=&#8221;large&#8221;][\/vc_column][vc_column width=&#8221;1\/2&#8243;][vc_column_text]Al risveglio primaverile della natura si svegliano anche le api laboriose che cominciano a cercare il nettare dei fiori con il quale, mediante un arduo lavoro loro e poi anche dell&#8217;uomo, viene prodotto quello che \u00e8 un autentico dono della natura e un prezioso toccasana per la salute umana: il miele.<\/p>\n<p>Nel nostro territorio ecologicamente puro, ricco di erbe aromatiche ed officinali, le api trovano solo il meglio e l\u2019alta qualit\u00e0: \u00e8 cos\u00ec anche il miele prodotto a Canfanaro. La storia su questo che \u00e8 un dono della natura, delle api e alla fine anche dell&#8217;uomo, vi verr\u00e0 raccontata volentieri dai solerti produttori di miele di Canfanaro:[\/vc_column_text][\/vc_column][\/vc_row][vc_row][vc_column width=&#8221;1\/4&#8243;][vc_column_text]<strong>Atilio Maru\u017ein<\/strong><\/p>\n<p>Localit\u00e0: Maru\u017eini<\/p>\n<p>&nbsp;<\/p>\n<p>Contatto: +385 98 161 5547[\/vc_column_text][\/vc_column][vc_column width=&#8221;1\/4&#8243;][vc_column_text]<strong>OPG Sebastijan Mari\u0107<\/strong><\/p>\n<p>Localit\u00e0: Mari\u0107i<\/p>\n<p>Contatto: +385 91 581 4381[\/vc_column_text][\/vc_column][vc_column width=&#8221;1\/4&#8243;][vc_column_text]<strong>OPG Meden<\/strong><\/p>\n<p>Localit\u00e0: Kanfanar<\/p>\n<p>Contatto: +385 91 169 9716[\/vc_column_text][\/vc_column][\/vc_row]<\/p>\n<p>&nbsp;<\/p>\n<p><a href=\"https:\/\/visitkanfanar.hr\/wp-content\/uploads\/2020\/11\/Lokalni-proizvodi-Kanfanara.pdf\">Prodotti locali<\/a><\/p>\n","protected":false},"excerpt":{"rendered":"<p>[vc_row][vc_column width=&#8221;1\/2&#8243;][vc_single_image image=&#8221;1621&#8243; img_size=&#8221;large&#8221;][\/vc_column][vc_column width=&#8221;1\/2&#8243;][vc_column_text]Al risveglio primaverile della natura si svegliano anche le api laboriose che cominciano a cercare il &#8230;<\/p>\n","protected":false},"author":1,"featured_media":0,"parent":1944,"menu_order":0,"comment_status":"closed","ping_status":"closed","template":"","meta":[],"_links":{"self":[{"href":"https:\/\/visitkanfanar.hr\/it\/wp-json\/wp\/v2\/pages\/1947"}],"collection":[{"href":"https:\/\/visitkanfanar.hr\/it\/wp-json\/wp\/v2\/pages"}],"about":[{"href":"https:\/\/visitkanfanar.hr\/it\/wp-json\/wp\/v2\/types\/page"}],"author":[{"embeddable":true,"href":"https:\/\/visitkanfanar.hr\/it\/wp-json\/wp\/v2\/users\/1"}],"replies":[{"embeddable":true,"href":"https:\/\/visitkanfanar.hr\/it\/wp-json\/wp\/v2\/comments?post=1947"}],"version-history":[{"count":5,"href":"https:\/\/visitkanfanar.hr\/it\/wp-json\/wp\/v2\/pages\/1947\/revisions"}],"predecessor-version":[{"id":8400,"href":"https:\/\/visitkanfanar.hr\/it\/wp-json\/wp\/v2\/pages\/1947\/revisions\/8400"}],"up":[{"embeddable":true,"href":"https:\/\/visitkanfanar.hr\/it\/wp-json\/wp\/v2\/pages\/1944"}],"wp:attachment":[{"href":"https:\/\/visitkanfanar.hr\/it\/wp-json\/wp\/v2\/media?parent=1947"}],"curies":[{"name":"wp","href":"https:\/\/api.w.org\/{rel}","templated":true}]}}