{"id":1974,"date":"2017-04-07T09:30:53","date_gmt":"2017-04-07T09:30:53","guid":{"rendered":"https:\/\/visitkanfanar.hr\/canale-di-leme\/"},"modified":"2018-06-11T12:41:39","modified_gmt":"2018-06-11T12:41:39","slug":"canale-di-leme","status":"publish","type":"page","link":"https:\/\/visitkanfanar.hr\/it\/attrazioni\/canale-di-leme\/","title":{"rendered":"Canale di Leme"},"content":{"rendered":"<p><a href=\"https:\/\/visitkanfanar.hr\/wp-content\/uploads\/2017\/04\/DJI_0132.jpg\"><img loading=\"lazy\" src=\"https:\/\/visitkanfanar.hr\/wp-content\/uploads\/2017\/04\/DJI_0132.jpg\" alt=\"\" width=\"1200\" height=\"668\" class=\"aligncenter size-full wp-image-4273\" srcset=\"https:\/\/visitkanfanar.hr\/wp-content\/uploads\/2017\/04\/DJI_0132.jpg 1200w, https:\/\/visitkanfanar.hr\/wp-content\/uploads\/2017\/04\/DJI_0132-300x167.jpg 300w, https:\/\/visitkanfanar.hr\/wp-content\/uploads\/2017\/04\/DJI_0132-768x428.jpg 768w, https:\/\/visitkanfanar.hr\/wp-content\/uploads\/2017\/04\/DJI_0132-1024x570.jpg 1024w\" sizes=\"(max-width: 1200px) 100vw, 1200px\" \/><\/a>Canale di Leme \u00e8 uno dei luoghi pi\u00f9 belli dell&#8217;Istria, tutelato dalla legge come paesaggio significativo e riserva marina particolare. Trattasi di una dolina (canyon) carsica sommersa, dalle peculiari caratteristiche vegetali e marine. Creatosi nella roccia calcarea giurassica, ha una lunghezza di circa 10 chilometri, una larghezza media di 600 m e i versanti del canale raggiungono anche i 150 metri di altezza, ricoperti di una ricca vegetazione di\u00a0 elementi tipici della macchia: leccio (<em>Quercus ilex<\/em> L.), ilatro (<em>Phillyrea latifolia<\/em> L.), corbezzolo (<em>Arbutus unedo<\/em> L.), palla di neve (<em>Viburnum tinus<\/em> L.), edera spinosa (<em>Smilax aspera<\/em> L.), lentisco (<em>Pistacia lentiscus<\/em> L.) carpino bianco (<em>Carpinus orientalis<\/em> Mill.) e ornello (<em>Fraxinus ornus<\/em> L.). Le condizioni microclimatiche permettono la crescita di comunit\u00e0 submediterranee di roverella (<em>Quercus pubescens<\/em> Willd.) e cerro (<em>Quercus cerris<\/em> L.): \u00e8 una biodiversit\u00e0 che su un territorio talmente stretto costituisce un&#8217;autentica rarit\u00e0 ecologica.<br \/>\nSpecifiche sono pure le caratteristiche dell&#8217;acqua marina, ricchissima di fauna e di flora e di particolari comunit\u00e0 che abitano i fondali. Grazie alle numerosissime sorgenti sottomarine, l&#8217;acqua ha una salinit\u00e0 ridotta, che varia a seconda della stagione e della profondit\u00e0. Le acque non sono cos\u00ec limpide come in mare aperto, per la ricca presenza di plancton. Sono nette anche le differenze di temperatura ed e molto alta la concentrazione di ossigeno. Tutte queste peculiarit\u00e0 rendono eccezionalmente ricche la fauna e la flora marine, con straordinarie comunit\u00e0 viventi sul fondale. L&#8217;area \u00e8 ideale per la riproduzione naturale di alcune specie di pesce.<\/p>\n<p>Il Canale \u00e8 famoso per gli allevamenti di cozze e ostriche, che si possono assaporare nei <a href=\"https:\/\/visitkanfanar.hr\/it\/prodotti\/strutture-dellospitalita\/\">ristoranti dell\u2019area<\/a>.<br \/>\n<strong><br \/>\n<em>Canale di Leme come set cinematografico<\/em><\/strong><\/p>\n<p>Verso la met\u00e0 del XX secolo il Canale di Leme venne trasformato in set di film sui Vichinghi. Nel 1958 qui fu girato il film \u201eVichinghi\u201c con Kirk Douglas e Tony Curtis nei ruoli principali: il Canale di Leme venne trasformato in un fiordo e da l\u00ec il nome usato tuttora, Fiordo del Leme. Per il film venne costruito un autentico piccolo villaggio vichingo, usato poi anche come scenario del lungometraggio \u201eLe lunghe navi\u201c del 1968.<\/p>\n\n\t\t<style type=\"text\/css\">\n\t\t\t#gallery-1 {\n\t\t\t\tmargin: auto;\n\t\t\t}\n\t\t\t#gallery-1 .gallery-item {\n\t\t\t\tfloat: left;\n\t\t\t\tmargin-top: 10px;\n\t\t\t\ttext-align: center;\n\t\t\t\twidth: 33%;\n\t\t\t}\n\t\t\t#gallery-1 img {\n\t\t\t\tborder: 2px solid #cfcfcf;\n\t\t\t}\n\t\t\t#gallery-1 .gallery-caption {\n\t\t\t\tmargin-left: 0;\n\t\t\t}\n\t\t\t\/* see gallery_shortcode() in wp-includes\/media.php *\/\n\t\t<\/style>\n\t\t<div id='gallery-1' class='gallery galleryid-1974 gallery-columns-3 gallery-size-large'><dl class='gallery-item'>\n\t\t\t<dt class='gallery-icon landscape'>\n\t\t\t\t<a href='https:\/\/visitkanfanar.hr\/it\/attrazioni\/canale-di-leme\/20160711_183826_richtonehdr-2\/'><img width=\"1024\" height=\"576\" src=\"https:\/\/visitkanfanar.hr\/wp-content\/uploads\/2017\/04\/20160711_183826_RichtoneHDR-1024x576.jpg\" class=\"attachment-large size-large\" alt=\"\" loading=\"lazy\" srcset=\"https:\/\/visitkanfanar.hr\/wp-content\/uploads\/2017\/04\/20160711_183826_RichtoneHDR-1024x576.jpg 1024w, https:\/\/visitkanfanar.hr\/wp-content\/uploads\/2017\/04\/20160711_183826_RichtoneHDR-300x169.jpg 300w, https:\/\/visitkanfanar.hr\/wp-content\/uploads\/2017\/04\/20160711_183826_RichtoneHDR-768x432.jpg 768w, https:\/\/visitkanfanar.hr\/wp-content\/uploads\/2017\/04\/20160711_183826_RichtoneHDR-805x453.jpg 805w, https:\/\/visitkanfanar.hr\/wp-content\/uploads\/2017\/04\/20160711_183826_RichtoneHDR.jpg 1200w\" sizes=\"(max-width: 1024px) 100vw, 1024px\" \/><\/a>\n\t\t\t<\/dt><\/dl><dl class='gallery-item'>\n\t\t\t<dt class='gallery-icon landscape'>\n\t\t\t\t<a href='https:\/\/visitkanfanar.hr\/it\/attrazioni\/canale-di-leme\/dcim103mediadji_0080-jpg-2\/'><img width=\"1024\" height=\"576\" src=\"https:\/\/visitkanfanar.hr\/wp-content\/uploads\/2017\/04\/DJI_0080-1024x576.jpg\" class=\"attachment-large size-large\" alt=\"\" loading=\"lazy\" srcset=\"https:\/\/visitkanfanar.hr\/wp-content\/uploads\/2017\/04\/DJI_0080-1024x576.jpg 1024w, https:\/\/visitkanfanar.hr\/wp-content\/uploads\/2017\/04\/DJI_0080-300x169.jpg 300w, https:\/\/visitkanfanar.hr\/wp-content\/uploads\/2017\/04\/DJI_0080-768x432.jpg 768w, https:\/\/visitkanfanar.hr\/wp-content\/uploads\/2017\/04\/DJI_0080-805x453.jpg 805w, https:\/\/visitkanfanar.hr\/wp-content\/uploads\/2017\/04\/DJI_0080.jpg 1200w\" sizes=\"(max-width: 1024px) 100vw, 1024px\" \/><\/a>\n\t\t\t<\/dt><\/dl><dl class='gallery-item'>\n\t\t\t<dt class='gallery-icon landscape'>\n\t\t\t\t<a href='https:\/\/visitkanfanar.hr\/it\/attrazioni\/canale-di-leme\/lim-2-2\/'><img width=\"1024\" height=\"683\" src=\"https:\/\/visitkanfanar.hr\/wp-content\/uploads\/2017\/04\/Lim-1-1024x683.jpg\" class=\"attachment-large size-large\" alt=\"\" loading=\"lazy\" srcset=\"https:\/\/visitkanfanar.hr\/wp-content\/uploads\/2017\/04\/Lim-1-1024x683.jpg 1024w, https:\/\/visitkanfanar.hr\/wp-content\/uploads\/2017\/04\/Lim-1-300x200.jpg 300w, https:\/\/visitkanfanar.hr\/wp-content\/uploads\/2017\/04\/Lim-1-768x512.jpg 768w, https:\/\/visitkanfanar.hr\/wp-content\/uploads\/2017\/04\/Lim-1-240x160.jpg 240w, https:\/\/visitkanfanar.hr\/wp-content\/uploads\/2017\/04\/Lim-1.jpg 1200w\" sizes=\"(max-width: 1024px) 100vw, 1024px\" \/><\/a>\n\t\t\t<\/dt><\/dl><br style=\"clear: both\" \/>\n\t\t<\/div>\n\n","protected":false},"excerpt":{"rendered":"<p>Canale di Leme \u00e8 uno dei luoghi pi\u00f9 belli dell&#8217;Istria, tutelato dalla legge come paesaggio significativo e riserva marina particolare. &#8230;<\/p>\n","protected":false},"author":1,"featured_media":0,"parent":1984,"menu_order":0,"comment_status":"closed","ping_status":"closed","template":"","meta":[],"_links":{"self":[{"href":"https:\/\/visitkanfanar.hr\/it\/wp-json\/wp\/v2\/pages\/1974"}],"collection":[{"href":"https:\/\/visitkanfanar.hr\/it\/wp-json\/wp\/v2\/pages"}],"about":[{"href":"https:\/\/visitkanfanar.hr\/it\/wp-json\/wp\/v2\/types\/page"}],"author":[{"embeddable":true,"href":"https:\/\/visitkanfanar.hr\/it\/wp-json\/wp\/v2\/users\/1"}],"replies":[{"embeddable":true,"href":"https:\/\/visitkanfanar.hr\/it\/wp-json\/wp\/v2\/comments?post=1974"}],"version-history":[{"count":4,"href":"https:\/\/visitkanfanar.hr\/it\/wp-json\/wp\/v2\/pages\/1974\/revisions"}],"predecessor-version":[{"id":4969,"href":"https:\/\/visitkanfanar.hr\/it\/wp-json\/wp\/v2\/pages\/1974\/revisions\/4969"}],"up":[{"embeddable":true,"href":"https:\/\/visitkanfanar.hr\/it\/wp-json\/wp\/v2\/pages\/1984"}],"wp:attachment":[{"href":"https:\/\/visitkanfanar.hr\/it\/wp-json\/wp\/v2\/media?parent=1974"}],"curies":[{"name":"wp","href":"https:\/\/api.w.org\/{rel}","templated":true}]}}