{"id":1977,"date":"2017-04-07T16:23:00","date_gmt":"2017-04-07T16:23:00","guid":{"rendered":"https:\/\/visitkanfanar.hr\/grotta-di-romualdo\/"},"modified":"2021-07-17T09:55:20","modified_gmt":"2021-07-17T09:55:20","slug":"grotta-di-romualdo","status":"publish","type":"page","link":"https:\/\/visitkanfanar.hr\/it\/attrazioni\/grotta-di-romualdo\/","title":{"rendered":"Grotta di Romualdo"},"content":{"rendered":"<p>[vc_row][vc_column width=&#8221;1\/2&#8243;][vc_single_image image=&#8221;1229&#8243; img_size=&#8221;large&#8221;][\/vc_column][vc_column width=&#8221;1\/2&#8243;][vc_column_text]La Grotta del santo Romualdo del Canale di Leme ha un&#8217;eccezionale importanza storico-culturale. Si suppone che per un certo periodo di tempo fosse stata la dimora di santo Romualdo, da lui scelta come luogo di ritiro e di vita solitaria, dopo aver costruito il convento della Congregazione camaldolese a Chiostro, sovrastante il Canale di Leme. Avendo individuato la grotta nel 1002, la scelse per abitarvi, anche se la gente dell&#8217;area credeva che fosse abitata dal demonio e da forze oscure, e pertanto nessuno si avvicinava alla zona. San Romualdo vi rimase comunque due anni e mezzo, mantenendo i contatti con il mondo esterno attraverso un pastore del villaggio di Jural. Dopo la partenza di Romualdo, la gente inizi\u00f2 a recarsi alla grotta e dal 1028 anche i sacerdoti della vicina Duecastelli vi si recavano in processione ogni 19 giugno, per ricordare il giorno della morte del santo.[\/vc_column_text][\/vc_column][\/vc_row][vc_row][vc_column][vc_column_text]La grotta ha una lunghezza di 105 metri ed \u00e8 a 97 metri di altitudine. Al suo interno alcune suggestive sale che custodiscono le prove della costante presenza dell&#8217;uomo a partire dalla preistoria: al suo interno sono state ritrovate le ossa di pi\u00f9 di 40 specie animali (orso delle caverne, leone delle caverne, leopardo, iena delle caverne, cavallo selvaggio, cervo, lepre bianca, ecc.) e vari utensili che comprovano la presenza umana nella grotta durante la bassa et\u00e0 della pietra. Un&#8217;ulteriore curiosit\u00e0 interessante \u00e8 che la grotta \u00e8 abitata da numerose colonie di pipistrelli (<em>Myotis myotis), <\/em>specie europea oggi molto rara e a serio rischio di estinzione.[\/vc_column_text][\/vc_column][\/vc_row]<\/p>\n<p>&nbsp;<\/p>\n<p><strong><span class=\"VIiyi\" lang=\"it\"><span class=\"JLqJ4b ChMk0b\" data-language-for-alternatives=\"it\" data-language-to-translate-into=\"hr\" data-phrase-index=\"0\">Temporaneamente chiuso.<\/span><\/span> <\/strong><\/p>\n","protected":false},"excerpt":{"rendered":"<p>[vc_row][vc_column width=&#8221;1\/2&#8243;][vc_single_image image=&#8221;1229&#8243; img_size=&#8221;large&#8221;][\/vc_column][vc_column width=&#8221;1\/2&#8243;][vc_column_text]La Grotta del santo Romualdo del Canale di Leme ha un&#8217;eccezionale importanza storico-culturale. Si suppone che &#8230;<\/p>\n","protected":false},"author":1,"featured_media":0,"parent":1984,"menu_order":0,"comment_status":"closed","ping_status":"closed","template":"","meta":[],"_links":{"self":[{"href":"https:\/\/visitkanfanar.hr\/it\/wp-json\/wp\/v2\/pages\/1977"}],"collection":[{"href":"https:\/\/visitkanfanar.hr\/it\/wp-json\/wp\/v2\/pages"}],"about":[{"href":"https:\/\/visitkanfanar.hr\/it\/wp-json\/wp\/v2\/types\/page"}],"author":[{"embeddable":true,"href":"https:\/\/visitkanfanar.hr\/it\/wp-json\/wp\/v2\/users\/1"}],"replies":[{"embeddable":true,"href":"https:\/\/visitkanfanar.hr\/it\/wp-json\/wp\/v2\/comments?post=1977"}],"version-history":[{"count":3,"href":"https:\/\/visitkanfanar.hr\/it\/wp-json\/wp\/v2\/pages\/1977\/revisions"}],"predecessor-version":[{"id":8994,"href":"https:\/\/visitkanfanar.hr\/it\/wp-json\/wp\/v2\/pages\/1977\/revisions\/8994"}],"up":[{"embeddable":true,"href":"https:\/\/visitkanfanar.hr\/it\/wp-json\/wp\/v2\/pages\/1984"}],"wp:attachment":[{"href":"https:\/\/visitkanfanar.hr\/it\/wp-json\/wp\/v2\/media?parent=1977"}],"curies":[{"name":"wp","href":"https:\/\/api.w.org\/{rel}","templated":true}]}}