{"id":288,"date":"2017-04-07T09:17:32","date_gmt":"2017-04-07T09:17:32","guid":{"rendered":"https:\/\/visitkanfanar.hr\/kanfanar\/comune-del-bue-istriano-e-des-fusi\/"},"modified":"2017-05-09T10:30:28","modified_gmt":"2017-05-09T10:30:28","slug":"il-comune-del-bue-istriano-e-dei-fusi","status":"publish","type":"page","link":"https:\/\/visitkanfanar.hr\/it\/canfanaro\/il-comune-del-bue-istriano-e-dei-fusi\/","title":{"rendered":"Il comune del bue istriano e dei fusi"},"content":{"rendered":"<p>[vc_row][vc_column width=&#8221;1\/2&#8243;][vc_single_image image=&#8221;1200&#8243; img_size=&#8221;large&#8221;][\/vc_column][vc_column width=&#8221;1\/2&#8243;][vc_column_text]Ci sono innumerevoli attrattive che rendono famoso il comune di Canfanaro. Dalle rovine della cittadina medievale di Duescastelli, alla meravigliosa oasi verdeazzurra del Canale di Leme, ai numerosi siti archeologici, al ricco patrimonio sacro, ai prodotti locali&#8230;<br \/>\nVolendo per\u00f2 porre in luce la grande sensibilit\u00e0 verso gli elementi pi\u00f9 vulnerabili del patrimonio culturale e tradizionale istriano, Canfanaro \u00e8 riconosciuta con il brand di Comune del bue istriano e dei fusi. Il bue istriano, importante simbolo dell&#8217;Istria e animale senza il quale la vita di un tempo dell&#8217;agricoltore istriano era inconcepibile, \u00e8 una delle prime associazioni nel nominare Canfanaro, visto che \u00e8 proprio qui che ogni ultimo sabato del mese di luglio ha luogo la rassegna del bue istriano, il boscarin. Nel 1991, anno della prima rassegna canfanarese, il numero di buoi istriani era bassissimo e pertanto fu proprio la nostra localit\u00e0 che lanci\u00f2 l&#8217;appello per salvare questa razza bovina autoctona, tuttora a rischio di estinzione. Da allora, assieme agli allevatori del bue istriano, continuiamo ad impegnarci per salvare il bovino cos\u00ec strettamente legato all&#8217;identit\u00e0 dell&#8217;Istria.<br \/>\n[\/vc_column_text][\/vc_column][\/vc_row][vc_row][vc_column width=&#8221;1\/2&#8243;][vc_single_image image=&#8221;1135&#8243; img_size=&#8221;large&#8221;][\/vc_column][vc_column width=&#8221;1\/2&#8243;][vc_column_text]Dall&#8217;altro lato, abbiamo rivolto una particolare attenzione anche ai fusi, regina della pasta istriana. Sin dall&#8217;antichit\u00e0 i fusi sono sempre stati parte immancabile della tavola delle feste, perch\u00e9 la tradizione vuole che vengano preparati per le occasioni speciali. La storia dei fusi \u00e8 iniziata a Canfanaro con l&#8217;apertura nel 1987 del pastificio artigianale \u201eKlara M\u201c, che ancora oggi produce la pasta come si faceva una volta, usando ingredienti di qualit\u00e0 e particolari metodi produttivi.<br \/>\nIl bue e i fusi istriani sono al centro della maggiore manifestazione canfanarese, la Jakovlja, ovvero festa di San Giacomo, giornata in cui hanno luogo sia la rassegna del bue istriano che l&#8217;evento gastronomico Fusiada.<br \/>\nVi invitiamo a scoprire assieme a noi la storia del boscarin e dei fusi, e ad essere anche curiosi per scoprire tutto quello che rende peculiare il nostro comune.<br \/>\n[\/vc_column_text][\/vc_column][\/vc_row]<\/p>\n","protected":false},"excerpt":{"rendered":"<p>[vc_row][vc_column width=&#8221;1\/2&#8243;][vc_single_image image=&#8221;1200&#8243; img_size=&#8221;large&#8221;][\/vc_column][vc_column width=&#8221;1\/2&#8243;][vc_column_text]Ci sono innumerevoli attrattive che rendono famoso il comune di Canfanaro. Dalle rovine della cittadina medievale &#8230;<\/p>\n","protected":false},"author":1,"featured_media":0,"parent":233,"menu_order":0,"comment_status":"closed","ping_status":"closed","template":"","meta":[],"_links":{"self":[{"href":"https:\/\/visitkanfanar.hr\/it\/wp-json\/wp\/v2\/pages\/288"}],"collection":[{"href":"https:\/\/visitkanfanar.hr\/it\/wp-json\/wp\/v2\/pages"}],"about":[{"href":"https:\/\/visitkanfanar.hr\/it\/wp-json\/wp\/v2\/types\/page"}],"author":[{"embeddable":true,"href":"https:\/\/visitkanfanar.hr\/it\/wp-json\/wp\/v2\/users\/1"}],"replies":[{"embeddable":true,"href":"https:\/\/visitkanfanar.hr\/it\/wp-json\/wp\/v2\/comments?post=288"}],"version-history":[{"count":3,"href":"https:\/\/visitkanfanar.hr\/it\/wp-json\/wp\/v2\/pages\/288\/revisions"}],"predecessor-version":[{"id":1912,"href":"https:\/\/visitkanfanar.hr\/it\/wp-json\/wp\/v2\/pages\/288\/revisions\/1912"}],"up":[{"embeddable":true,"href":"https:\/\/visitkanfanar.hr\/it\/wp-json\/wp\/v2\/pages\/233"}],"wp:attachment":[{"href":"https:\/\/visitkanfanar.hr\/it\/wp-json\/wp\/v2\/media?parent=288"}],"curies":[{"name":"wp","href":"https:\/\/api.w.org\/{rel}","templated":true}]}}