{"id":8794,"date":"2021-07-13T19:53:12","date_gmt":"2021-07-13T19:53:12","guid":{"rendered":"https:\/\/visitkanfanar.hr\/?page_id=8794\/"},"modified":"2021-07-13T22:13:53","modified_gmt":"2021-07-13T22:13:53","slug":"privacy","status":"publish","type":"page","link":"https:\/\/visitkanfanar.hr\/it\/privacy\/","title":{"rendered":"Privacy e tutela dei dati"},"content":{"rendered":"<p><strong>INFORMATIVA SULLA PRIVACY<\/strong><\/p>\n<p>Ai sensi del Regolamento (UE) 2016\/679 del Parlamento Europeo e del Consiglio, del 27 aprile 2016, relativo alla protezione delle persone fisiche con riguardo al trattamento dei dati personali, nonch\u00e9 alla libera circolazione di tali dati, e che abroga la Direttiva 95\/46\/CE (in seguito: Regolamento generale sulla protezione dei dati), Ente per il turismo del Comune di Canfanaro (in seguito: ETCC) nel suo lavoro si impegna ad operare attenendosi alle regole del rispetto e della protezione dei dati personali e della privacy degli utenti di questi siti, purch\u00e9 vengano adoperati all&#8217;interno delle ammesse condizioni d&#8217;uso.<\/p>\n<p>&nbsp;<\/p>\n<p><strong>Raccolta dati<\/strong><\/p>\n<p>Tutti i dati identificativi e tutti i recapiti vengono considerati come dati personali (per es. nome e cognome, indirizzo, indirizzo di posta elettronica, numeri di telefono, cellulare, fax, ecc.).<\/p>\n<p>Il nostro sito Internet pu\u00f2 essere utilizzato senza dover comunicare i propri dati personali. Non siete tenuti a metterci a conoscenza dei dati personali al fine del solo utilizzo del sito, purch\u00e9 ci\u00f2 non sia necessario per fornire il servizio richiesto o per permettere di usare un nostro prodotto in seguito a una richiesta. Utilizzando il nostro sito Internet, i dati possono essere conservati per diversi motivi di sicurezza. Tali dati possono includere il nome del fornitore di servizi Internet, il sito Internet attraverso il quale ci si \u00e8 collegati al nostro sito e l&#8217;indirizzo IP. Tali dati potrebbero portare alla vostra identificazione, per\u00f2 non vengono utilizzati a tale scopo. Di tanto in tanto i dati vengono utilizzati per motivi statistici, mantenendo tuttavia al contempo l&#8217;anonimato di ogni singolo utente, il quale, quindi, non pu\u00f2 essere identificato. Nei casi in cui le operazioni relative al trattamento dei dati vengano affidate a terzi, affinch\u00e9 venga consegnato il prodotto o sia fornito il servizio richiesto, o per altri scopi a cui avete acconsentito, teniamo conto del fatto che la terza parte sia registrata per svolgere tale attivit\u00e0, che assicuri abbastanza garanzie riguardo alla protezione e riservatezza dei dati e ci avvaliamo di mezzi tecnici ed organizzativi per garantire l&#8217;osservazione della normativa sui dati personali.<\/p>\n<p>&nbsp;<\/p>\n<p><strong>Raccolta e trattamento dei dati personali<\/strong><\/p>\n<p>I dati personali vengono raccolti soltanto quando personalmente ce li mettete a disposizione, per esempio durante la registrazione, compilando i moduli o inviando una mail, tramite l&#8217;ordinazione di prodotti o servizi, inviando quesiti o richieste riguardo ai nostri prodotti o servizi, nonch\u00e9 in situazioni simili a queste nelle quali avete scelto liberamente di fornirci dei dati. La banca dati e il suo contenuto rimangono nella nostra azienda e presso i responsabili del trattamento e i server che operano per conto nostro e rispondono a noi. I vostri dati personali non verranno in nessuna forma diffusi a terzi (n\u00e9 direttamente n\u00e9 attraverso un rappresentante), a meno che non si sia in presenza di un consenso o esista una base giuridica per farlo.<\/p>\n<p>Manteniamo il controllo e la responsabilit\u00e0 sull&#8217;utilizzo di tutti i dati personali fornitici da parte vostra. Pu\u00f2 accadere che tali dati vengano conservati o trattati in altri Paesi (per es. in America) in maniera completa o parziale e che nei rispettivi Paesi valgano regole diverse in termini di protezione dei dati rispetto al Paese in cui si risiede. In questi casi assicureremo siano predisposte le corrispondenti misure di sicurezza, tramite le quali viene richiesto al responsabile del trattamento dati del Paese in questione di applicare una protezione dei dati che sia equivalente a quella del vostro Paese.<\/p>\n<p>&nbsp;<\/p>\n<p><strong>Finalit\u00e0 d&#8217;uso<\/strong><\/p>\n<p>I dati raccolti verranno utilizzati esclusivamente al fine di fornire i nostri prodotti e servizi oppure ad altri scopi a cui avete acconsentito, tranne nei casi in cui la legge disponga diversamente.<\/p>\n<p>&nbsp;<\/p>\n<p><strong>Diritto di accesso e rettifica<\/strong><\/p>\n<p>Per quanto riguarda tutti i dati personali conservati da parte nostra, avete il diritto di accesso e il diritto di rettifica, aggiornamento o cancellazione degli stessi qualora i dati risultino incompleti, inesatti e obsoleti. Per fare ci\u00f2 \u00e8 sufficiente inviare un&#8217;e-mail all&#8217;indirizzo indicato nell&#8217;impressum o contattare l&#8217;addetto alla protezione dei dati.<\/p>\n<p>&nbsp;<\/p>\n<p><strong>Diritto di recesso<\/strong><\/p>\n<p>In ogni momento si ha il diritto di revocare il consenso al trattamento dei dati personali e richiedere la cessazione di ulteriori trattamenti futuri dei dati, tranne per quanto riguarda il trattamento dei dati a scopi statistici, nel momento in cui i dati personali non portino pi\u00f9 ad un&#8217;identificazione. Per fare ci\u00f2 basta inviare un&#8217;e-mail all&#8217;indirizzo indicato nell&#8217;impressum o contattare l&#8217;addetto alla protezione dei dati.<\/p>\n<p>&nbsp;<\/p>\n<p><strong>Conservazione dei dati<\/strong><\/p>\n<p>I dati personali vengono conservati per tanto tempo quanto \u00e8 necessario affinch\u00e9 il servizio richiesto o il servizio per il quale \u00e8 stato ottenuto il consenso sia effettuato, tranne nei casi in cui la legge disponga diversamente (per es. nel caso di un procedimento giudiziario in corso).<\/p>\n<p>&nbsp;<\/p>\n<p><strong>Uso dei cookies<\/strong><\/p>\n<p>Il nostro sito Internet utilizza i cookies al fine di adeguare l&#8217;utilizzo di Internet alle vostre esigenze. I cookies sono file di testo che vengono registrati sul disco fisso dal server del rispettivo sito Internet. I cookies non possono essere utilizzati per avviare programmi o introdurre virus nel computer. I cookies vengono assegnati individualmente e possono essere letti solo dal server del rispettivo sito Internet nel dominio che ha registrato tale file.<\/p>\n<p>&nbsp;<\/p>\n<p>Se non si \u00e8 inclini ad accettarne l&#8217;utilizzo, i cookies possono essere facilmente cancellati (o bloccati) sul computer o cellulare tramite le impostazioni del browser utilizzato. Per ulteriori informazioni sulla gestione dei cookies si consultino i siti del browser utilizzato.<\/p>\n<p>&nbsp;<\/p>\n<p>Essendo i cookies intesi a migliorare e a permettere l&#8217;utilizzo dei nostri siti Internet e i loro processi, si tenga presente che bloccando o eliminando i cookies pu\u00f2 essere che in tal modo si impedisca il funzionamento di tali caratteristiche o che si generino alterazioni nel loro funzionamento e nel modo in cui si visualizza il browser.<\/p>\n<p>&nbsp;<\/p>\n<p><strong>Analisi web<\/strong><\/p>\n<p>In questo sito Internet ci serviamo di Google Analytics e Google Search Console, attivit\u00e0 di analisi web Google Inc., 1600 Amphitheatre Parkway, Mountain View, CA 94043, Stati Uniti (\u201eGoogle\u201c).<\/p>\n<p>&nbsp;<\/p>\n<p>In conformit\u00e0 al vostro consenso, Google analizza per conto nostro l&#8217;utilizzo del dato sito. Fra le altre cose, ci serviamo dei cookies sopramenzionati a questo scopo. Le informazioni raccolte da Google in relazione all&#8217;utilizzo di questo sito Internet (per es. URL di partenza, siti visitati all&#8217;interno del nostro sistema, motore di ricerca adoperato, lingua impostata, sistema informatico adoperato o risoluzione del display) vengono trasmesse al server americano di Google, dove vengono conservate e analizzate. Il risultato ci viene messo a disposizione in forma anonima. I dati sull&#8217;utilizzo da voi fatto in questo caso non sono collegati al vostro completo indirizzo IP. In questo sito Internet abbiamo attivato la funzione della trasformazione in forma anonima dell&#8217;IP offertaci da Google, secondo la quale gli ultimi 8 numeri (tipo Ipv4), ossia gli ultimi 80 bit (tipo Ipv6) dell&#8217;indirizzo IP vengono cancellati. Google \u00e8 un ente certificato riguardo all&#8217;EU-US Privacy Shield; di conseguenza, al trattamento dei dati da parte di Google in America viene applicato il livello di protezione dei dati appropriato.<\/p>\n<p>Il vostro consenso all&#8217;analisi web pu\u00f2 essere revocato in qualsiasi momento scaricando e installando il Browser-Plugin di Google, oppure si pu\u00f2 bloccare o cancellare i cookies sul computer o cellulare. Entrambe le possibilit\u00e0 impediscono l&#8217;analisi web nel momento in cui utilizzate il motore di ricerca su cui \u00e8 stato installato il Plugin, ossia fino a quando l&#8217;Opt-Out-Cookie non sar\u00e0 spento.<\/p>\n<p>Per ulteriori informazioni su Google Analytics preghiamo di consultare le Condizioni d&#8217;uso di Google Analytics, all&#8217;interno delle Norme di sicurezza e protezione dei dati di Google Analytics, nonch\u00e9 l&#8217;Informativa sulla protezione dei dati di Google.<\/p>\n<p>&nbsp;<\/p>\n<p><strong>Sicurezza<\/strong><\/p>\n<p>ETCC utilizza misure di sicurezza tecniche e organizzative al fine di proteggere i vostri dati da manipolazioni, perdite, minacce o accessi non autorizzati. Qualsiasi dato personale che viene messo a disposizione, nel trasferimento sar\u00e0 criptato al fine di evitarne un utilizzo abusivo di parti terze. Le nostre misure di sicurezza vengono migliorate di continuo in base allo sviluppo tecnologico.<\/p>\n<p>&nbsp;<\/p>\n<p><strong>Bambini<\/strong><\/p>\n<p>Tenendo conto dell&#8217;importanza della tutela della privacy dei bambini, nel nostro sito Internet non si raccolgono dati, non si trattano n\u00e9 si utilizzano informazioni su coloro che sappiamo avere et\u00e0 inferiore ai 16 anni, senza un precedente consenso attendibile di un rappresentante legale. Il rappresentante legale ha il diritto e pu\u00f2 richiedere l&#8217;accesso alle informazioni fornite dal bambino e pu\u00f2 richiederne la cancellazione.<\/p>\n<p>&nbsp;<\/p>\n<p><strong>Contatto<\/strong><\/p>\n<p>In caso di qualsiasi problema, domanda o suggerimento, La preghiamo di rivolgersi all&#8217;indirizzo e-mail:\u00a0<a href=\"mailto:info@visitkanfanar.hr\" target=\"_blank\" rel=\"noopener\">info@visitkanfanar.hr<\/a><\/p>\n<p>&nbsp;<\/p>\n<p>Lo sviluppo continuo di Internet richiede aggiustamenti occasionali per quanto riguarda la nostra informativa sulla privacy, perci\u00f2 ci riserviamo il diritto di apportare modifiche, se necessario.<\/p>\n<p>&nbsp;<\/p>\n<p>Sull&#8217;accesso e l&#8217;utilizzo di questi siti Internet, nonch\u00e9 sull&#8217;Informativa sulla privacy viene applicata la legislazione della Repubblica di Croazia, e in caso di contenzioso sono riconosciuti come competenti esclusivamente i tribunali croati.<\/p>\n<p>Questa informativa sulla privacy viene applicata a partire dal 25 maggio 2018<\/p>\n","protected":false},"excerpt":{"rendered":"<p>INFORMATIVA SULLA PRIVACY Ai sensi del Regolamento (UE) 2016\/679 del Parlamento Europeo e del Consiglio, del 27 aprile 2016, relativo &#8230;<\/p>\n","protected":false},"author":1,"featured_media":0,"parent":0,"menu_order":0,"comment_status":"closed","ping_status":"closed","template":"","meta":[],"_links":{"self":[{"href":"https:\/\/visitkanfanar.hr\/it\/wp-json\/wp\/v2\/pages\/8794"}],"collection":[{"href":"https:\/\/visitkanfanar.hr\/it\/wp-json\/wp\/v2\/pages"}],"about":[{"href":"https:\/\/visitkanfanar.hr\/it\/wp-json\/wp\/v2\/types\/page"}],"author":[{"embeddable":true,"href":"https:\/\/visitkanfanar.hr\/it\/wp-json\/wp\/v2\/users\/1"}],"replies":[{"embeddable":true,"href":"https:\/\/visitkanfanar.hr\/it\/wp-json\/wp\/v2\/comments?post=8794"}],"version-history":[{"count":3,"href":"https:\/\/visitkanfanar.hr\/it\/wp-json\/wp\/v2\/pages\/8794\/revisions"}],"predecessor-version":[{"id":8801,"href":"https:\/\/visitkanfanar.hr\/it\/wp-json\/wp\/v2\/pages\/8794\/revisions\/8801"}],"wp:attachment":[{"href":"https:\/\/visitkanfanar.hr\/it\/wp-json\/wp\/v2\/media?parent=8794"}],"curies":[{"name":"wp","href":"https:\/\/api.w.org\/{rel}","templated":true}]}}